{"id":1631,"date":"2015-11-29T19:48:10","date_gmt":"2015-12-03T12:55:51","guid":{"rendered":"http:\/\/www.casamas.com\/ca\/?post_type=product&#038;p=1631"},"modified":"2025-09-26T12:06:47","modified_gmt":"2025-09-26T10:06:47","slug":"lasanya-artesana-de-carn","status":"publish","type":"product","link":"https:\/\/www.casamas.com\/ca\/producte\/lasanyes\/lasanya-artesana-de-carn\/","title":{"rendered":"Lasanya de carn"},"content":{"rendered":"<p>Deliciosa lasanya amb un farcit elaborat a base de rostit de vedella i porc, tom\u00e0quet, verdures fresques i esp\u00e8cies. Laminada amb plaques de pasta de la millor qualitat i coberta de suau beixamel. A m\u00e9s, quan gratinem el formatge obtindrem un plat espectacular.<\/p>\n","protected":false},"excerpt":{"rendered":"<p>Deliciosa lasanya amb un farcit elaborat a base de rostit de vedella i porc, tom\u00e0quet, verdures fresques i esp\u00e8cies. Laminada amb plaques de pasta de la millor qualitat i coberta de suau beixamel. A m\u00e9s, quan gratinem el formatge obtindrem un plat espectacular.<\/p>\n","protected":false},"featured_media":15043,"comment_status":"closed","ping_status":"closed","template":"","meta":{"_acf_changed":false},"product_brand":[],"product_cat":[64],"product_tag":[],"class_list":{"0":"post-1631","1":"product","2":"type-product","3":"status-publish","4":"has-post-thumbnail","6":"product_cat-lasanyes","8":"first","9":"instock","10":"taxable","11":"shipping-taxable","12":"product-type-simple"},"acf":[],"yoast_head":"<!-- This site is optimized with the Yoast SEO plugin v27.3 - https:\/\/yoast.com\/product\/yoast-seo-wordpress\/ -->\n<title>Lasanya de carn - Casa Mas<\/title>\n<meta name=\"description\" content=\"Lasanya de carn . Deliciosa lasanya amb un farcit elaborat a base de rostit de vedella i porc, tom\u00e0quet, verdures fresques i esp\u00e8cies. Laminada amb plaques de pasta de la. Producto Fresco Preparado\" \/>\n<meta name=\"robots\" content=\"index, follow, max-snippet:-1, max-image-preview:large, max-video-preview:-1\" \/>\n<link rel=\"canonical\" href=\"https:\/\/www.casamas.com\/ca\/producte\/lasanyes\/lasanya-artesana-de-carn\/\" \/>\n<meta property=\"og:locale\" content=\"ca_ES\" \/>\n<meta property=\"og:type\" content=\"article\" \/>\n<meta property=\"og:title\" content=\"Lasanya de carn - Casa Mas\" \/>\n<meta property=\"og:description\" content=\"Lasanya de carn . Deliciosa lasanya amb un farcit elaborat a base de rostit de vedella i porc, tom\u00e0quet, verdures fresques i esp\u00e8cies. Laminada amb plaques de pasta de la. Producto Fresco Preparado\" \/>\n<meta property=\"og:url\" content=\"https:\/\/www.casamas.com\/ca\/producte\/lasanyes\/lasanya-artesana-de-carn\/\" \/>\n<meta property=\"og:site_name\" content=\"Casa Mas\" \/>\n<meta property=\"article:publisher\" content=\"http:\/\/www.facebook.com\/platoscasamas\" \/>\n<meta property=\"article:modified_time\" content=\"2025-09-26T10:06:47+00:00\" \/>\n<meta property=\"og:image\" content=\"https:\/\/www.casamas.com\/wp-content\/uploads\/2015\/11\/lasanya-carn.jpg\" \/>\n\t<meta property=\"og:image:width\" content=\"880\" \/>\n\t<meta property=\"og:image:height\" content=\"680\" \/>\n\t<meta property=\"og:image:type\" content=\"image\/jpeg\" \/>\n<meta name=\"twitter:card\" content=\"summary_large_image\" \/>\n<meta name=\"twitter:site\" content=\"@platoscasamas\" \/>\n<meta name=\"twitter:label1\" content=\"Temps estimat de lectura\" \/>\n\t<meta name=\"twitter:data1\" content=\"1 minut\" \/>\n<script type=\"application\/ld+json\" class=\"yoast-schema-graph\">{\"@context\":\"https:\\\/\\\/schema.org\",\"@graph\":[{\"@type\":\"WebPage\",\"@id\":\"https:\\\/\\\/www.casamas.com\\\/ca\\\/producte\\\/lasanyes\\\/lasanya-artesana-de-carn\\\/\",\"url\":\"https:\\\/\\\/www.casamas.com\\\/ca\\\/producte\\\/lasanyes\\\/lasanya-artesana-de-carn\\\/\",\"name\":\"Lasanya de carn - Casa Mas\",\"isPartOf\":{\"@id\":\"https:\\\/\\\/www.casamas.com\\\/#website\"},\"primaryImageOfPage\":{\"@id\":\"https:\\\/\\\/www.casamas.com\\\/ca\\\/producte\\\/lasanyes\\\/lasanya-artesana-de-carn\\\/#primaryimage\"},\"image\":{\"@id\":\"https:\\\/\\\/www.casamas.com\\\/ca\\\/producte\\\/lasanyes\\\/lasanya-artesana-de-carn\\\/#primaryimage\"},\"thumbnailUrl\":\"https:\\\/\\\/www.casamas.com\\\/wp-content\\\/uploads\\\/2015\\\/11\\\/lasanya-carn.jpg\",\"datePublished\":\"2015-12-03T12:55:51+00:00\",\"dateModified\":\"2025-09-26T10:06:47+00:00\",\"description\":\"Lasanya de carn . Deliciosa lasanya amb un farcit elaborat a base de rostit de vedella i porc, tom\u00e0quet, verdures fresques i esp\u00e8cies. Laminada amb plaques de pasta de la. Producto Fresco Preparado\",\"breadcrumb\":{\"@id\":\"https:\\\/\\\/www.casamas.com\\\/ca\\\/producte\\\/lasanyes\\\/lasanya-artesana-de-carn\\\/#breadcrumb\"},\"inLanguage\":\"ca\",\"potentialAction\":[{\"@type\":\"ReadAction\",\"target\":[\"https:\\\/\\\/www.casamas.com\\\/ca\\\/producte\\\/lasanyes\\\/lasanya-artesana-de-carn\\\/\"]}]},{\"@type\":\"ImageObject\",\"inLanguage\":\"ca\",\"@id\":\"https:\\\/\\\/www.casamas.com\\\/ca\\\/producte\\\/lasanyes\\\/lasanya-artesana-de-carn\\\/#primaryimage\",\"url\":\"https:\\\/\\\/www.casamas.com\\\/wp-content\\\/uploads\\\/2015\\\/11\\\/lasanya-carn.jpg\",\"contentUrl\":\"https:\\\/\\\/www.casamas.com\\\/wp-content\\\/uploads\\\/2015\\\/11\\\/lasanya-carn.jpg\",\"width\":880,\"height\":680},{\"@type\":\"BreadcrumbList\",\"@id\":\"https:\\\/\\\/www.casamas.com\\\/ca\\\/producte\\\/lasanyes\\\/lasanya-artesana-de-carn\\\/#breadcrumb\",\"itemListElement\":[{\"@type\":\"ListItem\",\"position\":1,\"name\":\"Inici\",\"item\":\"https:\\\/\\\/www.casamas.com\\\/ca\\\/\"},{\"@type\":\"ListItem\",\"position\":2,\"name\":\"Tienda\",\"item\":\"https:\\\/\\\/www.casamas.com\\\/tienda\\\/\"},{\"@type\":\"ListItem\",\"position\":3,\"name\":\"Lasanya de carn\"}]},{\"@type\":\"WebSite\",\"@id\":\"https:\\\/\\\/www.casamas.com\\\/#website\",\"url\":\"https:\\\/\\\/www.casamas.com\\\/\",\"name\":\"Casa Mas\",\"description\":\"\",\"publisher\":{\"@id\":\"https:\\\/\\\/www.casamas.com\\\/#organization\"},\"potentialAction\":[{\"@type\":\"SearchAction\",\"target\":{\"@type\":\"EntryPoint\",\"urlTemplate\":\"https:\\\/\\\/www.casamas.com\\\/?s={search_term_string}\"},\"query-input\":{\"@type\":\"PropertyValueSpecification\",\"valueRequired\":true,\"valueName\":\"search_term_string\"}}],\"inLanguage\":\"ca\"},{\"@type\":\"Organization\",\"@id\":\"https:\\\/\\\/www.casamas.com\\\/#organization\",\"name\":\"Casa Mas\",\"url\":\"https:\\\/\\\/www.casamas.com\\\/\",\"logo\":{\"@type\":\"ImageObject\",\"inLanguage\":\"ca\",\"@id\":\"https:\\\/\\\/www.casamas.com\\\/#\\\/schema\\\/logo\\\/image\\\/\",\"url\":\"https:\\\/\\\/www.casamas.com\\\/wp-content\\\/uploads\\\/2022\\\/05\\\/logotip_casamas_TRANSP-1.png\",\"contentUrl\":\"https:\\\/\\\/www.casamas.com\\\/wp-content\\\/uploads\\\/2022\\\/05\\\/logotip_casamas_TRANSP-1.png\",\"width\":1182,\"height\":1182,\"caption\":\"Casa Mas\"},\"image\":{\"@id\":\"https:\\\/\\\/www.casamas.com\\\/#\\\/schema\\\/logo\\\/image\\\/\"},\"sameAs\":[\"http:\\\/\\\/www.facebook.com\\\/platoscasamas\",\"https:\\\/\\\/x.com\\\/platoscasamas\",\"http:\\\/\\\/www.instagram.com\\\/platoscasamas\",\"http:\\\/\\\/www.linkedin.com\\\/company\\\/platoscasamas\",\"http:\\\/\\\/www.youtube.es\\\/casamasplatos\"]}]}<\/script>\n<!-- \/ Yoast SEO plugin. -->","yoast_head_json":{"title":"Lasanya de carn - Casa Mas","description":"Lasanya de carn . Deliciosa lasanya amb un farcit elaborat a base de rostit de vedella i porc, tom\u00e0quet, verdures fresques i esp\u00e8cies. Laminada amb plaques de pasta de la. Producto Fresco Preparado","robots":{"index":"index","follow":"follow","max-snippet":"max-snippet:-1","max-image-preview":"max-image-preview:large","max-video-preview":"max-video-preview:-1"},"canonical":"https:\/\/www.casamas.com\/ca\/producte\/lasanyes\/lasanya-artesana-de-carn\/","og_locale":"ca_ES","og_type":"article","og_title":"Lasanya de carn - Casa Mas","og_description":"Lasanya de carn . Deliciosa lasanya amb un farcit elaborat a base de rostit de vedella i porc, tom\u00e0quet, verdures fresques i esp\u00e8cies. Laminada amb plaques de pasta de la. Producto Fresco Preparado","og_url":"https:\/\/www.casamas.com\/ca\/producte\/lasanyes\/lasanya-artesana-de-carn\/","og_site_name":"Casa Mas","article_publisher":"http:\/\/www.facebook.com\/platoscasamas","article_modified_time":"2025-09-26T10:06:47+00:00","og_image":[{"width":880,"height":680,"url":"https:\/\/www.casamas.com\/wp-content\/uploads\/2015\/11\/lasanya-carn.jpg","type":"image\/jpeg"}],"twitter_card":"summary_large_image","twitter_site":"@platoscasamas","twitter_misc":{"Temps estimat de lectura":"1 minut"},"schema":{"@context":"https:\/\/schema.org","@graph":[{"@type":"WebPage","@id":"https:\/\/www.casamas.com\/ca\/producte\/lasanyes\/lasanya-artesana-de-carn\/","url":"https:\/\/www.casamas.com\/ca\/producte\/lasanyes\/lasanya-artesana-de-carn\/","name":"Lasanya de carn - Casa Mas","isPartOf":{"@id":"https:\/\/www.casamas.com\/#website"},"primaryImageOfPage":{"@id":"https:\/\/www.casamas.com\/ca\/producte\/lasanyes\/lasanya-artesana-de-carn\/#primaryimage"},"image":{"@id":"https:\/\/www.casamas.com\/ca\/producte\/lasanyes\/lasanya-artesana-de-carn\/#primaryimage"},"thumbnailUrl":"https:\/\/www.casamas.com\/wp-content\/uploads\/2015\/11\/lasanya-carn.jpg","datePublished":"2015-12-03T12:55:51+00:00","dateModified":"2025-09-26T10:06:47+00:00","description":"Lasanya de carn . Deliciosa lasanya amb un farcit elaborat a base de rostit de vedella i porc, tom\u00e0quet, verdures fresques i esp\u00e8cies. Laminada amb plaques de pasta de la. Producto Fresco Preparado","breadcrumb":{"@id":"https:\/\/www.casamas.com\/ca\/producte\/lasanyes\/lasanya-artesana-de-carn\/#breadcrumb"},"inLanguage":"ca","potentialAction":[{"@type":"ReadAction","target":["https:\/\/www.casamas.com\/ca\/producte\/lasanyes\/lasanya-artesana-de-carn\/"]}]},{"@type":"ImageObject","inLanguage":"ca","@id":"https:\/\/www.casamas.com\/ca\/producte\/lasanyes\/lasanya-artesana-de-carn\/#primaryimage","url":"https:\/\/www.casamas.com\/wp-content\/uploads\/2015\/11\/lasanya-carn.jpg","contentUrl":"https:\/\/www.casamas.com\/wp-content\/uploads\/2015\/11\/lasanya-carn.jpg","width":880,"height":680},{"@type":"BreadcrumbList","@id":"https:\/\/www.casamas.com\/ca\/producte\/lasanyes\/lasanya-artesana-de-carn\/#breadcrumb","itemListElement":[{"@type":"ListItem","position":1,"name":"Inici","item":"https:\/\/www.casamas.com\/ca\/"},{"@type":"ListItem","position":2,"name":"Tienda","item":"https:\/\/www.casamas.com\/tienda\/"},{"@type":"ListItem","position":3,"name":"Lasanya de carn"}]},{"@type":"WebSite","@id":"https:\/\/www.casamas.com\/#website","url":"https:\/\/www.casamas.com\/","name":"Casa Mas","description":"","publisher":{"@id":"https:\/\/www.casamas.com\/#organization"},"potentialAction":[{"@type":"SearchAction","target":{"@type":"EntryPoint","urlTemplate":"https:\/\/www.casamas.com\/?s={search_term_string}"},"query-input":{"@type":"PropertyValueSpecification","valueRequired":true,"valueName":"search_term_string"}}],"inLanguage":"ca"},{"@type":"Organization","@id":"https:\/\/www.casamas.com\/#organization","name":"Casa Mas","url":"https:\/\/www.casamas.com\/","logo":{"@type":"ImageObject","inLanguage":"ca","@id":"https:\/\/www.casamas.com\/#\/schema\/logo\/image\/","url":"https:\/\/www.casamas.com\/wp-content\/uploads\/2022\/05\/logotip_casamas_TRANSP-1.png","contentUrl":"https:\/\/www.casamas.com\/wp-content\/uploads\/2022\/05\/logotip_casamas_TRANSP-1.png","width":1182,"height":1182,"caption":"Casa Mas"},"image":{"@id":"https:\/\/www.casamas.com\/#\/schema\/logo\/image\/"},"sameAs":["http:\/\/www.facebook.com\/platoscasamas","https:\/\/x.com\/platoscasamas","http:\/\/www.instagram.com\/platoscasamas","http:\/\/www.linkedin.com\/company\/platoscasamas","http:\/\/www.youtube.es\/casamasplatos"]}]}},"_links":{"self":[{"href":"https:\/\/www.casamas.com\/ca\/wp-json\/wp\/v2\/product\/1631","targetHints":{"allow":["GET"]}}],"collection":[{"href":"https:\/\/www.casamas.com\/ca\/wp-json\/wp\/v2\/product"}],"about":[{"href":"https:\/\/www.casamas.com\/ca\/wp-json\/wp\/v2\/types\/product"}],"replies":[{"embeddable":true,"href":"https:\/\/www.casamas.com\/ca\/wp-json\/wp\/v2\/comments?post=1631"}],"wp:featuredmedia":[{"embeddable":true,"href":"https:\/\/www.casamas.com\/ca\/wp-json\/wp\/v2\/media\/15043"}],"wp:attachment":[{"href":"https:\/\/www.casamas.com\/ca\/wp-json\/wp\/v2\/media?parent=1631"}],"wp:term":[{"taxonomy":"product_brand","embeddable":true,"href":"https:\/\/www.casamas.com\/ca\/wp-json\/wp\/v2\/product_brand?post=1631"},{"taxonomy":"product_cat","embeddable":true,"href":"https:\/\/www.casamas.com\/ca\/wp-json\/wp\/v2\/product_cat?post=1631"},{"taxonomy":"product_tag","embeddable":true,"href":"https:\/\/www.casamas.com\/ca\/wp-json\/wp\/v2\/product_tag?post=1631"}],"curies":[{"name":"wp","href":"https:\/\/api.w.org\/{rel}","templated":true}]}}