{"id":1577,"date":"2015-11-29T17:07:05","date_gmt":"2015-12-03T11:53:45","guid":{"rendered":"http:\/\/www.casamas.com\/ca\/?post_type=product&#038;p=1577"},"modified":"2025-05-20T11:15:33","modified_gmt":"2025-05-20T09:15:33","slug":"canelons-casolans","status":"publish","type":"product","link":"https:\/\/www.casamas.com\/ca\/producte\/canelons\/canelons-casolans\/","title":{"rendered":"Canelons de carn rostida"},"content":{"rendered":"<p>Sens dubte, la nostra millor recepta. Amb un farcit gust\u00f3s i suau, una pasta al punt de cocci\u00f3 i una fina beixamel, aquest plat \u00e9s ideal per a donar un toc de festivitat a qualsevol \u00e0pat.<\/p>\n","protected":false},"excerpt":{"rendered":"<p>Sens dubte, la nostra millor recepta. Amb un farcit gust\u00f3s i suau, una pasta al punt de cocci\u00f3 i una fina beixamel, aquest plat \u00e9s ideal per a donar un toc de festivitat a qualsevol \u00e0pat.<\/p>\n","protected":false},"featured_media":6364,"comment_status":"closed","ping_status":"closed","template":"","meta":{"_acf_changed":false},"product_brand":[],"product_cat":[63],"product_tag":[493,494],"class_list":{"0":"post-1577","1":"product","2":"type-product","3":"status-publish","4":"has-post-thumbnail","6":"product_cat-canelons","7":"product_tag-canelones-ca","8":"product_tag-caseros-ca","10":"first","11":"instock","12":"taxable","13":"shipping-taxable","14":"product-type-simple"},"acf":[],"yoast_head":"<!-- This site is optimized with the Yoast SEO plugin v27.3 - https:\/\/yoast.com\/product\/yoast-seo-wordpress\/ -->\n<title>Canelons de carn rostida - Casa Mas<\/title>\n<meta name=\"description\" content=\"Sens dubte, els canelons casolans de carn Casa Mas s\u00f3n la nostra millor recepta. Amb un farcit gust\u00f3s i suau, una pasta al punt de cocci\u00f3 i una fina beixamel, aquest plat \u00e9s ideal per a donar un toc de festivitat a qualsevol \u00e0pat.\" \/>\n<meta name=\"robots\" content=\"index, follow, max-snippet:-1, max-image-preview:large, max-video-preview:-1\" \/>\n<link rel=\"canonical\" href=\"https:\/\/www.casamas.com\/ca\/producte\/canelons\/canelons-casolans\/\" \/>\n<meta property=\"og:locale\" content=\"ca_ES\" \/>\n<meta property=\"og:type\" content=\"article\" \/>\n<meta property=\"og:title\" content=\"Canelons de carn rostida - Casa Mas\" \/>\n<meta property=\"og:description\" content=\"Sens dubte, els canelons casolans de carn Casa Mas s\u00f3n la nostra millor recepta. Amb un farcit gust\u00f3s i suau, una pasta al punt de cocci\u00f3 i una fina beixamel, aquest plat \u00e9s ideal per a donar un toc de festivitat a qualsevol \u00e0pat.\" \/>\n<meta property=\"og:url\" content=\"https:\/\/www.casamas.com\/ca\/producte\/canelons\/canelons-casolans\/\" \/>\n<meta property=\"og:site_name\" content=\"Casa Mas\" \/>\n<meta property=\"article:publisher\" content=\"http:\/\/www.facebook.com\/platoscasamas\" \/>\n<meta property=\"article:modified_time\" content=\"2025-05-20T09:15:33+00:00\" \/>\n<meta property=\"og:image\" content=\"https:\/\/www.casamas.com\/wp-content\/uploads\/2015\/11\/canelons_cat-blanc.jpg\" \/>\n\t<meta property=\"og:image:width\" content=\"1000\" \/>\n\t<meta property=\"og:image:height\" content=\"1000\" \/>\n\t<meta property=\"og:image:type\" content=\"image\/jpeg\" \/>\n<meta name=\"twitter:card\" content=\"summary_large_image\" \/>\n<meta name=\"twitter:site\" content=\"@platoscasamas\" \/>\n<meta name=\"twitter:label1\" content=\"Temps estimat de lectura\" \/>\n\t<meta name=\"twitter:data1\" content=\"1 minut\" \/>\n<script type=\"application\/ld+json\" class=\"yoast-schema-graph\">{\"@context\":\"https:\\\/\\\/schema.org\",\"@graph\":[{\"@type\":\"WebPage\",\"@id\":\"https:\\\/\\\/www.casamas.com\\\/ca\\\/producte\\\/canelons\\\/canelons-casolans\\\/\",\"url\":\"https:\\\/\\\/www.casamas.com\\\/ca\\\/producte\\\/canelons\\\/canelons-casolans\\\/\",\"name\":\"Canelons de carn rostida - Casa Mas\",\"isPartOf\":{\"@id\":\"https:\\\/\\\/www.casamas.com\\\/#website\"},\"primaryImageOfPage\":{\"@id\":\"https:\\\/\\\/www.casamas.com\\\/ca\\\/producte\\\/canelons\\\/canelons-casolans\\\/#primaryimage\"},\"image\":{\"@id\":\"https:\\\/\\\/www.casamas.com\\\/ca\\\/producte\\\/canelons\\\/canelons-casolans\\\/#primaryimage\"},\"thumbnailUrl\":\"https:\\\/\\\/www.casamas.com\\\/wp-content\\\/uploads\\\/2015\\\/11\\\/canelons_cat-blanc.jpg\",\"datePublished\":\"2015-12-03T11:53:45+00:00\",\"dateModified\":\"2025-05-20T09:15:33+00:00\",\"description\":\"Sens dubte, els canelons casolans de carn Casa Mas s\u00f3n la nostra millor recepta. Amb un farcit gust\u00f3s i suau, una pasta al punt de cocci\u00f3 i una fina beixamel, aquest plat \u00e9s ideal per a donar un toc de festivitat a qualsevol \u00e0pat.\",\"breadcrumb\":{\"@id\":\"https:\\\/\\\/www.casamas.com\\\/ca\\\/producte\\\/canelons\\\/canelons-casolans\\\/#breadcrumb\"},\"inLanguage\":\"ca\",\"potentialAction\":[{\"@type\":\"ReadAction\",\"target\":[\"https:\\\/\\\/www.casamas.com\\\/ca\\\/producte\\\/canelons\\\/canelons-casolans\\\/\"]}]},{\"@type\":\"ImageObject\",\"inLanguage\":\"ca\",\"@id\":\"https:\\\/\\\/www.casamas.com\\\/ca\\\/producte\\\/canelons\\\/canelons-casolans\\\/#primaryimage\",\"url\":\"https:\\\/\\\/www.casamas.com\\\/wp-content\\\/uploads\\\/2015\\\/11\\\/canelons_cat-blanc.jpg\",\"contentUrl\":\"https:\\\/\\\/www.casamas.com\\\/wp-content\\\/uploads\\\/2015\\\/11\\\/canelons_cat-blanc.jpg\",\"width\":1000,\"height\":1000},{\"@type\":\"BreadcrumbList\",\"@id\":\"https:\\\/\\\/www.casamas.com\\\/ca\\\/producte\\\/canelons\\\/canelons-casolans\\\/#breadcrumb\",\"itemListElement\":[{\"@type\":\"ListItem\",\"position\":1,\"name\":\"Inici\",\"item\":\"https:\\\/\\\/www.casamas.com\\\/ca\\\/\"},{\"@type\":\"ListItem\",\"position\":2,\"name\":\"Tienda\",\"item\":\"https:\\\/\\\/www.casamas.com\\\/tienda\\\/\"},{\"@type\":\"ListItem\",\"position\":3,\"name\":\"Canelons de carn rostida\"}]},{\"@type\":\"WebSite\",\"@id\":\"https:\\\/\\\/www.casamas.com\\\/#website\",\"url\":\"https:\\\/\\\/www.casamas.com\\\/\",\"name\":\"Casa Mas\",\"description\":\"\",\"publisher\":{\"@id\":\"https:\\\/\\\/www.casamas.com\\\/#organization\"},\"potentialAction\":[{\"@type\":\"SearchAction\",\"target\":{\"@type\":\"EntryPoint\",\"urlTemplate\":\"https:\\\/\\\/www.casamas.com\\\/?s={search_term_string}\"},\"query-input\":{\"@type\":\"PropertyValueSpecification\",\"valueRequired\":true,\"valueName\":\"search_term_string\"}}],\"inLanguage\":\"ca\"},{\"@type\":\"Organization\",\"@id\":\"https:\\\/\\\/www.casamas.com\\\/#organization\",\"name\":\"Casa Mas\",\"url\":\"https:\\\/\\\/www.casamas.com\\\/\",\"logo\":{\"@type\":\"ImageObject\",\"inLanguage\":\"ca\",\"@id\":\"https:\\\/\\\/www.casamas.com\\\/#\\\/schema\\\/logo\\\/image\\\/\",\"url\":\"https:\\\/\\\/www.casamas.com\\\/wp-content\\\/uploads\\\/2022\\\/05\\\/logotip_casamas_TRANSP-1.png\",\"contentUrl\":\"https:\\\/\\\/www.casamas.com\\\/wp-content\\\/uploads\\\/2022\\\/05\\\/logotip_casamas_TRANSP-1.png\",\"width\":1182,\"height\":1182,\"caption\":\"Casa Mas\"},\"image\":{\"@id\":\"https:\\\/\\\/www.casamas.com\\\/#\\\/schema\\\/logo\\\/image\\\/\"},\"sameAs\":[\"http:\\\/\\\/www.facebook.com\\\/platoscasamas\",\"https:\\\/\\\/x.com\\\/platoscasamas\",\"http:\\\/\\\/www.instagram.com\\\/platoscasamas\",\"http:\\\/\\\/www.linkedin.com\\\/company\\\/platoscasamas\",\"http:\\\/\\\/www.youtube.es\\\/casamasplatos\"]}]}<\/script>\n<!-- \/ Yoast SEO plugin. -->","yoast_head_json":{"title":"Canelons de carn rostida - Casa Mas","description":"Sens dubte, els canelons casolans de carn Casa Mas s\u00f3n la nostra millor recepta. Amb un farcit gust\u00f3s i suau, una pasta al punt de cocci\u00f3 i una fina beixamel, aquest plat \u00e9s ideal per a donar un toc de festivitat a qualsevol \u00e0pat.","robots":{"index":"index","follow":"follow","max-snippet":"max-snippet:-1","max-image-preview":"max-image-preview:large","max-video-preview":"max-video-preview:-1"},"canonical":"https:\/\/www.casamas.com\/ca\/producte\/canelons\/canelons-casolans\/","og_locale":"ca_ES","og_type":"article","og_title":"Canelons de carn rostida - Casa Mas","og_description":"Sens dubte, els canelons casolans de carn Casa Mas s\u00f3n la nostra millor recepta. Amb un farcit gust\u00f3s i suau, una pasta al punt de cocci\u00f3 i una fina beixamel, aquest plat \u00e9s ideal per a donar un toc de festivitat a qualsevol \u00e0pat.","og_url":"https:\/\/www.casamas.com\/ca\/producte\/canelons\/canelons-casolans\/","og_site_name":"Casa Mas","article_publisher":"http:\/\/www.facebook.com\/platoscasamas","article_modified_time":"2025-05-20T09:15:33+00:00","og_image":[{"width":1000,"height":1000,"url":"https:\/\/www.casamas.com\/wp-content\/uploads\/2015\/11\/canelons_cat-blanc.jpg","type":"image\/jpeg"}],"twitter_card":"summary_large_image","twitter_site":"@platoscasamas","twitter_misc":{"Temps estimat de lectura":"1 minut"},"schema":{"@context":"https:\/\/schema.org","@graph":[{"@type":"WebPage","@id":"https:\/\/www.casamas.com\/ca\/producte\/canelons\/canelons-casolans\/","url":"https:\/\/www.casamas.com\/ca\/producte\/canelons\/canelons-casolans\/","name":"Canelons de carn rostida - Casa Mas","isPartOf":{"@id":"https:\/\/www.casamas.com\/#website"},"primaryImageOfPage":{"@id":"https:\/\/www.casamas.com\/ca\/producte\/canelons\/canelons-casolans\/#primaryimage"},"image":{"@id":"https:\/\/www.casamas.com\/ca\/producte\/canelons\/canelons-casolans\/#primaryimage"},"thumbnailUrl":"https:\/\/www.casamas.com\/wp-content\/uploads\/2015\/11\/canelons_cat-blanc.jpg","datePublished":"2015-12-03T11:53:45+00:00","dateModified":"2025-05-20T09:15:33+00:00","description":"Sens dubte, els canelons casolans de carn Casa Mas s\u00f3n la nostra millor recepta. Amb un farcit gust\u00f3s i suau, una pasta al punt de cocci\u00f3 i una fina beixamel, aquest plat \u00e9s ideal per a donar un toc de festivitat a qualsevol \u00e0pat.","breadcrumb":{"@id":"https:\/\/www.casamas.com\/ca\/producte\/canelons\/canelons-casolans\/#breadcrumb"},"inLanguage":"ca","potentialAction":[{"@type":"ReadAction","target":["https:\/\/www.casamas.com\/ca\/producte\/canelons\/canelons-casolans\/"]}]},{"@type":"ImageObject","inLanguage":"ca","@id":"https:\/\/www.casamas.com\/ca\/producte\/canelons\/canelons-casolans\/#primaryimage","url":"https:\/\/www.casamas.com\/wp-content\/uploads\/2015\/11\/canelons_cat-blanc.jpg","contentUrl":"https:\/\/www.casamas.com\/wp-content\/uploads\/2015\/11\/canelons_cat-blanc.jpg","width":1000,"height":1000},{"@type":"BreadcrumbList","@id":"https:\/\/www.casamas.com\/ca\/producte\/canelons\/canelons-casolans\/#breadcrumb","itemListElement":[{"@type":"ListItem","position":1,"name":"Inici","item":"https:\/\/www.casamas.com\/ca\/"},{"@type":"ListItem","position":2,"name":"Tienda","item":"https:\/\/www.casamas.com\/tienda\/"},{"@type":"ListItem","position":3,"name":"Canelons de carn rostida"}]},{"@type":"WebSite","@id":"https:\/\/www.casamas.com\/#website","url":"https:\/\/www.casamas.com\/","name":"Casa Mas","description":"","publisher":{"@id":"https:\/\/www.casamas.com\/#organization"},"potentialAction":[{"@type":"SearchAction","target":{"@type":"EntryPoint","urlTemplate":"https:\/\/www.casamas.com\/?s={search_term_string}"},"query-input":{"@type":"PropertyValueSpecification","valueRequired":true,"valueName":"search_term_string"}}],"inLanguage":"ca"},{"@type":"Organization","@id":"https:\/\/www.casamas.com\/#organization","name":"Casa Mas","url":"https:\/\/www.casamas.com\/","logo":{"@type":"ImageObject","inLanguage":"ca","@id":"https:\/\/www.casamas.com\/#\/schema\/logo\/image\/","url":"https:\/\/www.casamas.com\/wp-content\/uploads\/2022\/05\/logotip_casamas_TRANSP-1.png","contentUrl":"https:\/\/www.casamas.com\/wp-content\/uploads\/2022\/05\/logotip_casamas_TRANSP-1.png","width":1182,"height":1182,"caption":"Casa Mas"},"image":{"@id":"https:\/\/www.casamas.com\/#\/schema\/logo\/image\/"},"sameAs":["http:\/\/www.facebook.com\/platoscasamas","https:\/\/x.com\/platoscasamas","http:\/\/www.instagram.com\/platoscasamas","http:\/\/www.linkedin.com\/company\/platoscasamas","http:\/\/www.youtube.es\/casamasplatos"]}]}},"_links":{"self":[{"href":"https:\/\/www.casamas.com\/ca\/wp-json\/wp\/v2\/product\/1577","targetHints":{"allow":["GET"]}}],"collection":[{"href":"https:\/\/www.casamas.com\/ca\/wp-json\/wp\/v2\/product"}],"about":[{"href":"https:\/\/www.casamas.com\/ca\/wp-json\/wp\/v2\/types\/product"}],"replies":[{"embeddable":true,"href":"https:\/\/www.casamas.com\/ca\/wp-json\/wp\/v2\/comments?post=1577"}],"wp:featuredmedia":[{"embeddable":true,"href":"https:\/\/www.casamas.com\/ca\/wp-json\/wp\/v2\/media\/6364"}],"wp:attachment":[{"href":"https:\/\/www.casamas.com\/ca\/wp-json\/wp\/v2\/media?parent=1577"}],"wp:term":[{"taxonomy":"product_brand","embeddable":true,"href":"https:\/\/www.casamas.com\/ca\/wp-json\/wp\/v2\/product_brand?post=1577"},{"taxonomy":"product_cat","embeddable":true,"href":"https:\/\/www.casamas.com\/ca\/wp-json\/wp\/v2\/product_cat?post=1577"},{"taxonomy":"product_tag","embeddable":true,"href":"https:\/\/www.casamas.com\/ca\/wp-json\/wp\/v2\/product_tag?post=1577"}],"curies":[{"name":"wp","href":"https:\/\/api.w.org\/{rel}","templated":true}]}}