{"id":4341,"date":"2018-02-27T10:42:56","date_gmt":"2018-02-27T09:42:56","guid":{"rendered":"http:\/\/www.casamas.com\/ca\/4339-2\/"},"modified":"2018-04-20T11:44:10","modified_gmt":"2018-04-20T09:44:10","slug":"newsletter-datos","status":"publish","type":"page","link":"https:\/\/www.casamas.com\/ca\/newsletter-datos\/","title":{"rendered":"Newsletter datos"},"content":{"rendered":"<p>[vc_column][\/vc_column][vc_row_inner css=&#8221;.vc_custom_1448847348997{margin: 0px !important;padding: 0px !important;}&#8221;][vc_column_inner width=&#8221;1\/6&#8243; css=&#8221;.vc_custom_1448847316944{margin-top: 2rem !important;margin-bottom: 1rem !important;}&#8221;][\/vc_column_inner][vc_column_inner width=&#8221;2\/3&#8243; css=&#8221;.vc_custom_1519301474563{margin-top: 2rem !important;}&#8221;][vc_column_text css_animation=&#8221;appear&#8221; css=&#8221;.vc_custom_1519724500007{margin-top: 0px !important;margin-right: 0px !important;margin-bottom: 0px !important;margin-left: 0px !important;padding-top: 0px !important;padding-right: 0px !important;padding-bottom: 0px !important;padding-left: 0px !important;}&#8221;]<\/p>\n<h4 style=\"font-size: 1.4rem;\"><\/h4>\n<h4 style=\"font-size: 2.8rem; margin-bottom: 1.4rem; margin-top: 1rem;\">Et mereixes un regal!<\/h4>\n<p>[\/vc_column_text][vc_column_text css_animation=&#8221;appear&#8221; css=&#8221;.vc_custom_1519724530069{margin-bottom: 3rem !important;padding-top: 0px !important;padding-right: 0px !important;padding-bottom: 0px !important;padding-left: 0px !important;}&#8221; el_class=&#8221;text-newsletter&#8221;]Hi ha una cosa que ens encanta a Casa Mas: les sorpreses. I volem que tu continu\u00efs sent el protagonista de les nostres per estar sempre al nostre costat. Per aix\u00f2, volem con\u00e8ixer-te una mica m\u00e9s.<br \/>\n<strong>Ens ajudes?<\/strong>[\/vc_column_text][\/vc_column_inner][vc_column_inner width=&#8221;1\/6&#8243;][\/vc_column_inner][\/vc_row_inner][vc_row_inner css=&#8221;.vc_custom_1448847256664{margin-top: -1px !important;}&#8221;][vc_column_inner width=&#8221;1\/4&#8243; offset=&#8221;vc_hidden-xs&#8221;][\/vc_column_inner][vc_column_inner el_class=&#8221;box-newsletter&#8221; width=&#8221;1\/2&#8243;][vc_column_text css_animation=&#8221;top-to-bottom&#8221; el_class=&#8221;bx-formulario&#8221;]\n<div class=\"wpcf7 no-js\" id=\"wpcf7-f4338-o1\" lang=\"ca\" dir=\"ltr\" data-wpcf7-id=\"4338\">\n<div class=\"screen-reader-response\"><p role=\"status\" aria-live=\"polite\" aria-atomic=\"true\"><\/p> <ul><\/ul><\/div>\n<form action=\"\/ca\/wp-json\/wp\/v2\/pages\/4341#wpcf7-f4338-o1\" method=\"post\" class=\"wpcf7-form init\" aria-label=\"Formulari de contacte\" novalidate=\"novalidate\" data-status=\"init\">\n<fieldset class=\"hidden-fields-container\"><input type=\"hidden\" name=\"_wpcf7\" value=\"4338\" \/><input type=\"hidden\" name=\"_wpcf7_version\" value=\"6.1.5\" \/><input type=\"hidden\" name=\"_wpcf7_locale\" value=\"ca\" \/><input type=\"hidden\" name=\"_wpcf7_unit_tag\" value=\"wpcf7-f4338-o1\" \/><input type=\"hidden\" name=\"_wpcf7_container_post\" value=\"0\" \/><input type=\"hidden\" name=\"_wpcf7_posted_data_hash\" value=\"\" \/><input type=\"hidden\" name=\"_wpcf7_recaptcha_response\" value=\"\" \/>\n<\/fieldset>\n<p style=\"display:none;\"><br \/>\n<input type=\"hidden\" name=\"_mc4wp_lists[]\" value=\"6fbdda6fe8\" \/><br \/>\n<input type=\"hidden\" name=\"mc4wp-IDIOMA\" value=\"ca\" \/><br \/>\n<input type=\"hidden\" name=\"mc4wp-subscribe\" value=\"1\" \/><br \/>\n<span class=\"wpcf7-form-control-wrap\" data-name=\"mc4wp-EMAIL\"><input size=\"40\" maxlength=\"400\" class=\"wpcf7-form-control wpcf7-email wpcf7-validates-as-required wpcf7-text wpcf7-validates-as-email\" aria-required=\"true\" aria-invalid=\"false\" placeholder=\"Email\" value=\"\" type=\"email\" name=\"mc4wp-EMAIL\" \/><\/span>\n<\/p>\n<div class=\"row\">\n\t<div class=\"col s12 m12\">\n\t\t<p><span class=\"fa fa-calendar\"><\/span><span class=\"wpcf7-form-control-wrap\" data-name=\"mc4wp-NACIMIENTO\"><input size=\"40\" maxlength=\"400\" class=\"wpcf7-form-control wpcf7-text wpcf7-validates-as-required calendari\" aria-required=\"true\" aria-invalid=\"false\" placeholder=\"Data de naixement\" value=\"\" type=\"text\" name=\"mc4wp-NACIMIENTO\" \/><\/span>\n\t\t<\/p>\n\t<\/div>\n\t<div class=\"col s12 m12 intereses\">\n\t\t<p>Interessos<br \/>\n<span class=\"wpcf7-form-control-wrap mc4wp-INTERESES\"><span class=\"wpcf7-form-control wpcf7-checkbox\"><span class=\"wpcf7-list-item first\"><label><input type=\"checkbox\" name=\"mc4wp-group[]\" id=\"group_1\" value=\"Esports\" class=\"checks\" \/>&nbsp;Esports<\/label><\/span><span class=\"wpcf7-list-item\"><label><input type=\"checkbox\" name=\"mc4wp-group[]\" id=\"group_2\" value=\"Temps en fam\u00edlia\" class=\"checks\" \/>&nbsp;Temps en fam\u00edlia<\/label><\/span><span class=\"wpcf7-list-item\"><label><input type=\"checkbox\" name=\"mc4wp-group[]\" id=\"group_3\" value=\"Cuinar\" class=\"checks\" \/>&nbsp;Cuinar<\/label><\/span><span class=\"wpcf7-list-item last\"><label><input type=\"checkbox\" name=\"mc4wp-group[]\" id=\"group_4\" value=\"Cultura\" class=\"checks\" \/>&nbsp;Cultura<\/label><\/span><\/span><\/span><input type=\"hidden\" name=\"mc4wp-INTER\" id=\"mc4wp-INTERESES\" value=\"\" \/>\n\t\t<\/p>\n\t<\/div>\n<\/div>\n<div class=\"row\">\n\t<div class=\"col s12\">\n\t\n\t<\/div>\n<\/div>\n<div class=\"row\">\n\t<div class=\"col s12 text-center\">\n\t\t<p><input class=\"wpcf7-form-control wpcf7-submit has-spinner\" type=\"submit\" value=\"Enviar\" \/>\n\t\t<\/p>\n\t<\/div>\n<\/div><div class=\"wpcf7-response-output\" aria-hidden=\"true\"><\/div>\n<\/form>\n<\/div>\n[\/vc_column_text][\/vc_column_inner][vc_column_inner width=&#8221;1\/4&#8243; offset=&#8221;vc_hidden-sm vc_hidden-xs&#8221;][\/vc_column_inner][\/vc_row_inner]<\/p>\n","protected":false},"excerpt":{"rendered":"<p>[vc_column][\/vc_column][vc_row_inner css=&#8221;.vc_custom_1448847348997{margin: 0px !important;padding: 0px !important;}&#8221;][vc_column_inner width=&#8221;1\/6&#8243; css=&#8221;.vc_custom_1448847316944{margin-top: 2rem !important;margin-bottom: 1rem !important;}&#8221;][\/vc_column_inner][vc_column_inner width=&#8221;2\/3&#8243; css=&#8221;.vc_custom_1519301474563{margin-top: 2rem !important;}&#8221;][vc_column_text css_animation=&#8221;appear&#8221; css=&#8221;.vc_custom_1519724500007{margin-top: 0px !important;margin-right: 0px !important;margin-bottom: 0px !important;margin-left: 0px !important;padding-top: 0px !important;padding-right: 0px !important;padding-bottom: 0px !important;padding-left: 0px !important;}&#8221;] Et mereixes un regal! [\/vc_column_text][vc_column_text css_animation=&#8221;appear&#8221; css=&#8221;.vc_custom_1519724530069{margin-bottom: 3rem !important;padding-top: 0px !important;padding-right: 0px !important;padding-bottom: 0px !important;padding-left: 0px !important;}&#8221; el_class=&#8221;text-newsletter&#8221;]Hi ha una cosa [&hellip;]<\/p>\n","protected":false},"author":16,"featured_media":0,"parent":0,"menu_order":6,"comment_status":"closed","ping_status":"closed","template":"templates\/page-newsletter-datos.php","meta":{"_acf_changed":false,"footnotes":""},"class_list":["post-4341","page","type-page","status-publish","hentry"],"acf":[],"yoast_head":"<!-- This site is optimized with the Yoast SEO plugin v27.3 - https:\/\/yoast.com\/product\/yoast-seo-wordpress\/ -->\n<title>Newsletter datos - Casa Mas<\/title>\n<meta name=\"description\" content=\"Newsletter datos - Et mereixes un regal! Hi ha una cosa que ens encanta a Casa Mas: les sorpreses. I volem que tu continu\u00efs sent el protagonista de les nostres per estar\" \/>\n<meta name=\"robots\" content=\"index, follow, max-snippet:-1, max-image-preview:large, max-video-preview:-1\" \/>\n<link rel=\"canonical\" href=\"https:\/\/www.casamas.com\/ca\/newsletter-datos\/\" \/>\n<meta property=\"og:locale\" content=\"ca_ES\" \/>\n<meta property=\"og:type\" content=\"article\" \/>\n<meta property=\"og:title\" content=\"Newsletter datos - Casa Mas\" \/>\n<meta property=\"og:description\" content=\"Newsletter datos - Et mereixes un regal! Hi ha una cosa que ens encanta a Casa Mas: les sorpreses. I volem que tu continu\u00efs sent el protagonista de les nostres per estar\" \/>\n<meta property=\"og:url\" content=\"https:\/\/www.casamas.com\/ca\/newsletter-datos\/\" \/>\n<meta property=\"og:site_name\" content=\"Casa Mas\" \/>\n<meta property=\"article:publisher\" content=\"http:\/\/www.facebook.com\/platoscasamas\" \/>\n<meta property=\"article:modified_time\" content=\"2018-04-20T09:44:10+00:00\" \/>\n<meta name=\"twitter:card\" content=\"summary_large_image\" \/>\n<meta name=\"twitter:site\" content=\"@platoscasamas\" \/>\n<meta name=\"twitter:label1\" content=\"Temps estimat de lectura\" \/>\n\t<meta name=\"twitter:data1\" content=\"1 minut\" \/>\n<script type=\"application\/ld+json\" class=\"yoast-schema-graph\">{\"@context\":\"https:\\\/\\\/schema.org\",\"@graph\":[{\"@type\":\"WebPage\",\"@id\":\"https:\\\/\\\/www.casamas.com\\\/ca\\\/newsletter-datos\\\/\",\"url\":\"https:\\\/\\\/www.casamas.com\\\/ca\\\/newsletter-datos\\\/\",\"name\":\"Newsletter datos - Casa Mas\",\"isPartOf\":{\"@id\":\"https:\\\/\\\/www.casamas.com\\\/#website\"},\"datePublished\":\"2018-02-27T09:42:56+00:00\",\"dateModified\":\"2018-04-20T09:44:10+00:00\",\"description\":\"Newsletter datos - Et mereixes un regal! Hi ha una cosa que ens encanta a Casa Mas: les sorpreses. I volem que tu continu\u00efs sent el protagonista de les nostres per estar\",\"breadcrumb\":{\"@id\":\"https:\\\/\\\/www.casamas.com\\\/ca\\\/newsletter-datos\\\/#breadcrumb\"},\"inLanguage\":\"ca\",\"potentialAction\":[{\"@type\":\"ReadAction\",\"target\":[\"https:\\\/\\\/www.casamas.com\\\/ca\\\/newsletter-datos\\\/\"]}]},{\"@type\":\"BreadcrumbList\",\"@id\":\"https:\\\/\\\/www.casamas.com\\\/ca\\\/newsletter-datos\\\/#breadcrumb\",\"itemListElement\":[{\"@type\":\"ListItem\",\"position\":1,\"name\":\"Inici\",\"item\":\"https:\\\/\\\/www.casamas.com\\\/ca\\\/\"},{\"@type\":\"ListItem\",\"position\":2,\"name\":\"Newsletter datos\"}]},{\"@type\":\"WebSite\",\"@id\":\"https:\\\/\\\/www.casamas.com\\\/#website\",\"url\":\"https:\\\/\\\/www.casamas.com\\\/\",\"name\":\"Casa Mas\",\"description\":\"\",\"publisher\":{\"@id\":\"https:\\\/\\\/www.casamas.com\\\/#organization\"},\"potentialAction\":[{\"@type\":\"SearchAction\",\"target\":{\"@type\":\"EntryPoint\",\"urlTemplate\":\"https:\\\/\\\/www.casamas.com\\\/?s={search_term_string}\"},\"query-input\":{\"@type\":\"PropertyValueSpecification\",\"valueRequired\":true,\"valueName\":\"search_term_string\"}}],\"inLanguage\":\"ca\"},{\"@type\":\"Organization\",\"@id\":\"https:\\\/\\\/www.casamas.com\\\/#organization\",\"name\":\"Casa Mas\",\"url\":\"https:\\\/\\\/www.casamas.com\\\/\",\"logo\":{\"@type\":\"ImageObject\",\"inLanguage\":\"ca\",\"@id\":\"https:\\\/\\\/www.casamas.com\\\/#\\\/schema\\\/logo\\\/image\\\/\",\"url\":\"https:\\\/\\\/www.casamas.com\\\/wp-content\\\/uploads\\\/2022\\\/05\\\/logotip_casamas_TRANSP-1.png\",\"contentUrl\":\"https:\\\/\\\/www.casamas.com\\\/wp-content\\\/uploads\\\/2022\\\/05\\\/logotip_casamas_TRANSP-1.png\",\"width\":1182,\"height\":1182,\"caption\":\"Casa Mas\"},\"image\":{\"@id\":\"https:\\\/\\\/www.casamas.com\\\/#\\\/schema\\\/logo\\\/image\\\/\"},\"sameAs\":[\"http:\\\/\\\/www.facebook.com\\\/platoscasamas\",\"https:\\\/\\\/x.com\\\/platoscasamas\",\"http:\\\/\\\/www.instagram.com\\\/platoscasamas\",\"http:\\\/\\\/www.linkedin.com\\\/company\\\/platoscasamas\",\"http:\\\/\\\/www.youtube.es\\\/casamasplatos\"]}]}<\/script>\n<!-- \/ Yoast SEO plugin. -->","yoast_head_json":{"title":"Newsletter datos - Casa Mas","description":"Newsletter datos - Et mereixes un regal! Hi ha una cosa que ens encanta a Casa Mas: les sorpreses. I volem que tu continu\u00efs sent el protagonista de les nostres per estar","robots":{"index":"index","follow":"follow","max-snippet":"max-snippet:-1","max-image-preview":"max-image-preview:large","max-video-preview":"max-video-preview:-1"},"canonical":"https:\/\/www.casamas.com\/ca\/newsletter-datos\/","og_locale":"ca_ES","og_type":"article","og_title":"Newsletter datos - Casa Mas","og_description":"Newsletter datos - Et mereixes un regal! Hi ha una cosa que ens encanta a Casa Mas: les sorpreses. I volem que tu continu\u00efs sent el protagonista de les nostres per estar","og_url":"https:\/\/www.casamas.com\/ca\/newsletter-datos\/","og_site_name":"Casa Mas","article_publisher":"http:\/\/www.facebook.com\/platoscasamas","article_modified_time":"2018-04-20T09:44:10+00:00","twitter_card":"summary_large_image","twitter_site":"@platoscasamas","twitter_misc":{"Temps estimat de lectura":"1 minut"},"schema":{"@context":"https:\/\/schema.org","@graph":[{"@type":"WebPage","@id":"https:\/\/www.casamas.com\/ca\/newsletter-datos\/","url":"https:\/\/www.casamas.com\/ca\/newsletter-datos\/","name":"Newsletter datos - Casa Mas","isPartOf":{"@id":"https:\/\/www.casamas.com\/#website"},"datePublished":"2018-02-27T09:42:56+00:00","dateModified":"2018-04-20T09:44:10+00:00","description":"Newsletter datos - Et mereixes un regal! Hi ha una cosa que ens encanta a Casa Mas: les sorpreses. I volem que tu continu\u00efs sent el protagonista de les nostres per estar","breadcrumb":{"@id":"https:\/\/www.casamas.com\/ca\/newsletter-datos\/#breadcrumb"},"inLanguage":"ca","potentialAction":[{"@type":"ReadAction","target":["https:\/\/www.casamas.com\/ca\/newsletter-datos\/"]}]},{"@type":"BreadcrumbList","@id":"https:\/\/www.casamas.com\/ca\/newsletter-datos\/#breadcrumb","itemListElement":[{"@type":"ListItem","position":1,"name":"Inici","item":"https:\/\/www.casamas.com\/ca\/"},{"@type":"ListItem","position":2,"name":"Newsletter datos"}]},{"@type":"WebSite","@id":"https:\/\/www.casamas.com\/#website","url":"https:\/\/www.casamas.com\/","name":"Casa Mas","description":"","publisher":{"@id":"https:\/\/www.casamas.com\/#organization"},"potentialAction":[{"@type":"SearchAction","target":{"@type":"EntryPoint","urlTemplate":"https:\/\/www.casamas.com\/?s={search_term_string}"},"query-input":{"@type":"PropertyValueSpecification","valueRequired":true,"valueName":"search_term_string"}}],"inLanguage":"ca"},{"@type":"Organization","@id":"https:\/\/www.casamas.com\/#organization","name":"Casa Mas","url":"https:\/\/www.casamas.com\/","logo":{"@type":"ImageObject","inLanguage":"ca","@id":"https:\/\/www.casamas.com\/#\/schema\/logo\/image\/","url":"https:\/\/www.casamas.com\/wp-content\/uploads\/2022\/05\/logotip_casamas_TRANSP-1.png","contentUrl":"https:\/\/www.casamas.com\/wp-content\/uploads\/2022\/05\/logotip_casamas_TRANSP-1.png","width":1182,"height":1182,"caption":"Casa Mas"},"image":{"@id":"https:\/\/www.casamas.com\/#\/schema\/logo\/image\/"},"sameAs":["http:\/\/www.facebook.com\/platoscasamas","https:\/\/x.com\/platoscasamas","http:\/\/www.instagram.com\/platoscasamas","http:\/\/www.linkedin.com\/company\/platoscasamas","http:\/\/www.youtube.es\/casamasplatos"]}]}},"_links":{"self":[{"href":"https:\/\/www.casamas.com\/ca\/wp-json\/wp\/v2\/pages\/4341","targetHints":{"allow":["GET"]}}],"collection":[{"href":"https:\/\/www.casamas.com\/ca\/wp-json\/wp\/v2\/pages"}],"about":[{"href":"https:\/\/www.casamas.com\/ca\/wp-json\/wp\/v2\/types\/page"}],"author":[{"embeddable":true,"href":"https:\/\/www.casamas.com\/ca\/wp-json\/wp\/v2\/users\/16"}],"replies":[{"embeddable":true,"href":"https:\/\/www.casamas.com\/ca\/wp-json\/wp\/v2\/comments?post=4341"}],"version-history":[{"count":6,"href":"https:\/\/www.casamas.com\/ca\/wp-json\/wp\/v2\/pages\/4341\/revisions"}],"predecessor-version":[{"id":4391,"href":"https:\/\/www.casamas.com\/ca\/wp-json\/wp\/v2\/pages\/4341\/revisions\/4391"}],"wp:attachment":[{"href":"https:\/\/www.casamas.com\/ca\/wp-json\/wp\/v2\/media?parent=4341"}],"curies":[{"name":"wp","href":"https:\/\/api.w.org\/{rel}","templated":true}]}}