{"id":392,"date":"2015-11-30T08:25:26","date_gmt":"2015-11-30T08:25:26","guid":{"rendered":"http:\/\/casamas.com.mialias.net\/?page_id=392"},"modified":"2015-11-30T18:55:51","modified_gmt":"2015-11-30T18:55:51","slug":"tots-els-productes","status":"publish","type":"page","link":"https:\/\/www.casamas.com\/ca\/tots-els-productes\/","title":{"rendered":"Tots els Productes"},"content":{"rendered":"<p>&nbsp;<\/p>\n<div class=\"woocommerce columns-3 \">\n\n<ul class=\"products\"><li class=\"first post-13900 product type-product status-publish has-post-thumbnail product_cat-carnes  instock taxable shipping-taxable product-type-simple\">\n\n\t<a href=\"https:\/\/www.casamas.com\/producto\/carnes\/albondigas-con-sepia\/\" class=\"woocommerce-LoopProduct-link woocommerce-loop-product__link\">\n\t<a href=\"https:\/\/www.casamas.com\/producto\/carnes\/albondigas-con-sepia\/\" class=\"\">\n    \n\t\t\n\t\n\t\t<img loading=\"lazy\" decoding=\"async\" width=\"300\" height=\"223\" src=\"https:\/\/www.casamas.com\/wp-content\/uploads\/2015\/11\/2018-CM-PacksCastellanoWeb-880x680-mandonguilles-ambsipia-300x223.png\" class=\"attachment-woocommerce_thumbnail size-woocommerce_thumbnail\" alt=\"Alb\u00f3ndigas con sepia\" \/><h2 class=\"woocommerce-loop-product__title\">Alb\u00f3ndigas con sepia<\/h2>\n\t<\/a>\n\t<div class=\"prod_list_desc\">Cl\u00e1sicas alb\u00f3ndigas caseras acompa\u00f1adas por tiernas y sabrosos trozos de sepia y guisantes. Con una exquisita salsa concentrada con aroma de laurel y una suave picada a base de almendras, avellanas, ajo y perejil. La mejor combinaci\u00f3n entre mar y monta\u00f1a en un plato delicioso.<\/div>\n\n\t\n<\/li>\n<li class=\"last post-13897 product type-product status-publish has-post-thumbnail product_cat-carnes first instock taxable shipping-taxable product-type-simple\">\n\n\t<a href=\"https:\/\/www.casamas.com\/producto\/carnes\/albondigas-fritas\/\" class=\"woocommerce-LoopProduct-link woocommerce-loop-product__link\">\n\t<a href=\"https:\/\/www.casamas.com\/producto\/carnes\/albondigas-fritas\/\" class=\"\">\n    \n\t\t\n\t\n\t\t<img loading=\"lazy\" decoding=\"async\" width=\"300\" height=\"223\" src=\"https:\/\/www.casamas.com\/wp-content\/uploads\/2015\/11\/Mandonguilles-Fregides-300x223.jpg\" class=\"attachment-woocommerce_thumbnail size-woocommerce_thumbnail\" alt=\"Alb\u00f3ndigas fritas\" \/><h2 class=\"woocommerce-loop-product__title\">Alb\u00f3ndigas fritas<\/h2>\n\t<\/a>\n\t<div class=\"prod_list_desc\">Nuestras alb\u00f3ndigas de siempre sin guarnici\u00f3n, para servir directamente a mesa o utilizarlas en tus propias recetas.<\/div>\n\n\t\n<\/li>\n<li class=\"post-298 product type-product status-publish has-post-thumbnail product_cat-carnes product_tag-albondingas-guisadas product_tag-almendras product_tag-comida-casera product_tag-guiso last instock taxable shipping-taxable product-type-simple\">\n\n\t<a href=\"https:\/\/www.casamas.com\/producto\/carnes\/albondigas-guisadas\/\" class=\"woocommerce-LoopProduct-link woocommerce-loop-product__link\">\n\t<a href=\"https:\/\/www.casamas.com\/producto\/carnes\/albondigas-guisadas\/\" class=\"\">\n    \n\t\t\n\t\n\t\t<img loading=\"lazy\" decoding=\"async\" width=\"300\" height=\"223\" src=\"https:\/\/www.casamas.com\/wp-content\/uploads\/2015\/11\/Albondigas-guisadas-2R_LT_Nueva-salsa-300x223.jpg\" class=\"attachment-woocommerce_thumbnail size-woocommerce_thumbnail\" alt=\"Alb\u00f3ndigas guisadas\" \/><h2 class=\"woocommerce-loop-product__title\">Alb\u00f3ndigas guisadas<\/h2>\n\t<\/a>\n\t<div class=\"prod_list_desc\"><span data-sheets-value=\"[null,2,&quot;Cl\\u00e1sicas alb\\u00f3ndigas caseras con una exquisita salsa concentrada con aroma de laurel y una suave picada a base de almendras, avellanas, ajo y perejil. Un plato t\\u00edpico que te har\\u00e1 mojar pan.&quot;]\" data-sheets-userformat=\"[null,null,13187,[null,0],[null,2,16777215],null,null,null,null,null,0,4,0,null,null,&quot;Arial&quot;,10]\">Cl\u00e1sicas alb\u00f3ndigas caseras con una exquisita salsa concentrada con aroma de laurel y una suave picada de almendras, avellanas, ajo y perejil. Un plato t\u00edpico que te har\u00e1 mojar pan.<\/span><\/div>\n\n\t\n<\/li>\n<li class=\"first post-277 product type-product status-publish has-post-thumbnail product_cat-salsas  instock taxable shipping-taxable product-type-simple\">\n\n\t<a href=\"https:\/\/www.casamas.com\/producto\/salsas\/alioli\/\" class=\"woocommerce-LoopProduct-link woocommerce-loop-product__link\">\n\t<a href=\"https:\/\/www.casamas.com\/producto\/salsas\/alioli\/\" class=\"\">\n    \n\t\t\n\t\n\t\t<img loading=\"lazy\" decoding=\"async\" width=\"300\" height=\"223\" src=\"https:\/\/www.casamas.com\/wp-content\/uploads\/2015\/11\/2015-CM-PlatoCastellanoWeb-880x680-Alioli-300x223.jpg\" class=\"attachment-woocommerce_thumbnail size-woocommerce_thumbnail\" alt=\"Alioli\" \/><h2 class=\"woocommerce-loop-product__title\">Alioli<\/h2>\n\t<\/a>\n\t<div class=\"prod_list_desc\"><span data-sheets-value=\"[null,2,&quot;Tradicional alioli elaborado de la manera m\\u00e1s casera. Suave y meloso al paladar, ideal para acompa\\u00f1ar carnes, pescados, verduras, tostadas, etc.\\n\\n&quot;]\" data-sheets-userformat=\"[null,null,13185,[null,0],null,null,null,null,null,null,0,4,0,null,null,&quot;Arial&quot;,9]\">Tradicional alioli elaborado de la manera m\u00e1s casera. Suave y meloso al paladar, ideal para acompa\u00f1ar carnes, pescados, verduras, tostadas, etc.\r\n<\/span><\/div>\n\n\t\n<\/li>\n<li class=\"last post-404 product type-product status-publish has-post-thumbnail product_cat-legumbres product_tag-alubias product_tag-cocina-tradicional product_tag-comida-sana product_tag-legumbres first instock taxable shipping-taxable product-type-simple\">\n\n\t<a href=\"https:\/\/www.casamas.com\/producto\/legumbres\/alubias-cocidas\/\" class=\"woocommerce-LoopProduct-link woocommerce-loop-product__link\">\n\t<a href=\"https:\/\/www.casamas.com\/producto\/legumbres\/alubias-cocidas\/\" class=\"\">\n    \n\t\t\n\t\n\t\t<img loading=\"lazy\" decoding=\"async\" width=\"300\" height=\"223\" src=\"https:\/\/www.casamas.com\/wp-content\/uploads\/2015\/11\/2015-CM-PacksCatalanWeb-880x680-MongetesCuites-300x223.jpg\" class=\"attachment-woocommerce_thumbnail size-woocommerce_thumbnail\" alt=\"Env\u00e0s de mongetes cuites Casa Mas\" \/><h2 class=\"woocommerce-loop-product__title\">Alubias cocidas<\/h2>\n\t<\/a>\n\t<div class=\"prod_list_desc\"><span data-sheets-value=\"[null,2,&quot;Una de las legumbres m\\u00e1s esenciales de la cocina tradicional. Esta variedad de alubia es muy tierna y tiene un alto valor nutritivo.&quot;]\" data-sheets-userformat=\"[null,null,13187,[null,0],[null,2,16777215],null,null,null,null,null,0,4,0,null,null,&quot;Arial&quot;,10]\">Una de las legumbres m\u00e1s esenciales de la cocina tradicional. Esta variedad de alubia es muy tierna y tiene un alto valor nutritivo.<\/span><\/div>\n\n\t\n<\/li>\n<li class=\"post-5134 product type-product status-publish has-post-thumbnail product_cat-arroces last instock taxable shipping-taxable product-type-simple\">\n\n\t<a href=\"https:\/\/www.casamas.com\/producto\/arroces\/arroz-de-montana\/\" class=\"woocommerce-LoopProduct-link woocommerce-loop-product__link\">\n\t<a href=\"https:\/\/www.casamas.com\/producto\/arroces\/arroz-de-montana\/\" class=\"\">\n    \n\t\t\n\t\n\t\t<img loading=\"lazy\" decoding=\"async\" width=\"300\" height=\"223\" src=\"https:\/\/www.casamas.com\/wp-content\/uploads\/2020\/01\/Arroz-de-montan\u0303a-scaled-300x223.jpg\" class=\"attachment-woocommerce_thumbnail size-woocommerce_thumbnail\" alt=\"Arroz de monta\u00f1a\" \/><h2 class=\"woocommerce-loop-product__title\">Arroz de monta\u00f1a<\/h2>\n\t<\/a>\n\t<div class=\"prod_list_desc\">Tambi\u00e9n conocido como arroz de pay\u00e9s, es uno de los platos tradicionales de\r\nla cocina catalana. Sorprendente y con una personalidad que no te dejar\u00e1\r\nindiferente. Destacamos el sofrito cocinado a fuego lento con morcilla, secreto\r\nde cerdo, setas y hortalizas. Si lo pruebas, \u00a1repetir\u00e1s!<\/div>\n\n\t\n<\/li>\n<li class=\"first post-13902 product type-product status-publish has-post-thumbnail product_cat-pescados  instock taxable shipping-taxable product-type-simple\">\n\n\t<a href=\"https:\/\/www.casamas.com\/producto\/pescados\/bacalao-con-judias\/\" class=\"woocommerce-LoopProduct-link woocommerce-loop-product__link\">\n\t<a href=\"https:\/\/www.casamas.com\/producto\/pescados\/bacalao-con-judias\/\" class=\"\">\n    \n\t\t\n\t\n\t\t<img loading=\"lazy\" decoding=\"async\" width=\"300\" height=\"223\" src=\"https:\/\/www.casamas.com\/wp-content\/uploads\/2015\/11\/Bacalla\u0300-amb-mongetes-Q1-300x223.jpg\" class=\"attachment-woocommerce_thumbnail size-woocommerce_thumbnail\" alt=\"Bacalao con jud\u00edas\" \/><h2 class=\"woocommerce-loop-product__title\">Bacalao con jud\u00edas<\/h2>\n\t<\/a>\n\t<div class=\"prod_list_desc\">Una receta para poner los cinco sentidos, de una finura, sabor y textura incomparables. Un aut\u00e9ntico plato de fiesta.<\/div>\n\n\t\n<\/li>\n<li class=\"last post-381 product type-product status-publish has-post-thumbnail product_cat-pescados product_tag-bacalao-con-tomate product_tag-cocina-casera product_tag-receta-catalana product_tag-sofrito-de-tomate first instock taxable shipping-taxable product-type-simple\">\n\n\t<a href=\"https:\/\/www.casamas.com\/producto\/pescados\/bacalao-con-tomate\/\" class=\"woocommerce-LoopProduct-link woocommerce-loop-product__link\">\n\t<a href=\"https:\/\/www.casamas.com\/producto\/pescados\/bacalao-con-tomate\/\" class=\"\">\n    \n\t\t\n\t\n\t\t<img loading=\"lazy\" decoding=\"async\" width=\"300\" height=\"223\" src=\"https:\/\/www.casamas.com\/wp-content\/uploads\/2015\/11\/Bacalao-con-tomate-Q-1r-300x223.jpg\" class=\"attachment-woocommerce_thumbnail size-woocommerce_thumbnail\" alt=\"Bacalao con tomate\" \/><h2 class=\"woocommerce-loop-product__title\">Bacalao con tomate<\/h2>\n\t<\/a>\n\t<div class=\"prod_list_desc\"><span data-sheets-value=\"[null,2,&quot;Excelente bacalao cocinado mediante una receta tradicional catalana: un buen sofrito de tomate, cebolla, ajo, pasas y pi\\u00f1ones. Cocina casera en la mesa.&quot;]\" data-sheets-userformat=\"[null,null,13185,[null,0],null,null,null,null,null,null,0,4,0,null,null,&quot;Arial&quot;,9]\">Excelente bacalao cocinado mediante una receta tradicional catalana: un buen sofrito de tomate, cebolla, ajo, pasas y pi\u00f1ones. Cocina casera en la mesa.<\/span><\/div>\n\n\t\n<\/li>\n<li class=\"post-291 product type-product status-publish has-post-thumbnail product_cat-canelones product_tag-canelones product_tag-caseros last instock taxable shipping-taxable product-type-simple\">\n\n\t<a href=\"https:\/\/www.casamas.com\/producto\/canelones\/canelones-caseros-de-carne\/\" class=\"woocommerce-LoopProduct-link woocommerce-loop-product__link\">\n\t<a href=\"https:\/\/www.casamas.com\/producto\/canelones\/canelones-caseros-de-carne\/\" class=\"\">\n    \n\t\t\n\t\n\t\t<img loading=\"lazy\" decoding=\"async\" width=\"300\" height=\"223\" src=\"https:\/\/www.casamas.com\/wp-content\/uploads\/2015\/11\/CanelonesCaserosCarne_fondo-blanco-300x223.jpg\" class=\"attachment-woocommerce_thumbnail size-woocommerce_thumbnail\" alt=\"Canelones Caseros de Carne\" \/><h2 class=\"woocommerce-loop-product__title\">Canelones de carne asada<\/h2>\n\t<\/a>\n\t<div class=\"prod_list_desc\"><span data-sheets-value=\"[null,2,&quot;Sin duda, nuestra mejor receta. Con un relleno sabroso y suave, una pasta en el punto de cocci\\u00f3n y una fina bechamel, este plato es ideal para dar un toque de festividad a cualquier comida.&quot;]\" data-sheets-userformat=\"[null,null,13185,[null,0],null,null,null,null,null,null,0,4,0,null,null,&quot;Arial&quot;,9]\">Sin duda, nuestra mejor receta. Con un relleno sabroso y suave, una pasta en el punto de cocci\u00f3n y una fina bechamel, este plato es ideal para dar un toque de festividad a cualquier comida.<\/span><\/div>\n\n\t\n<\/li>\n<li class=\"first post-11976 product type-product status-publish has-post-thumbnail product_cat-canelones product_cat-gratinados  instock taxable shipping-taxable product-type-simple\">\n\n\t<a href=\"https:\/\/www.casamas.com\/producto\/canelones\/canelones-de-carne-asada-gratinados\/\" class=\"woocommerce-LoopProduct-link woocommerce-loop-product__link\">\n\t<a href=\"https:\/\/www.casamas.com\/producto\/canelones\/canelones-de-carne-asada-gratinados\/\" class=\"\">\n    \n\t      <div class=\"temporada\">\n        <div class=\"content\">\n          <h3>Novetat<\/h3>\n        <\/div>\n      <\/div>\n    \t\n\t\n\t\t<img loading=\"lazy\" decoding=\"async\" width=\"300\" height=\"223\" src=\"https:\/\/www.casamas.com\/wp-content\/uploads\/2024\/10\/canelons-gratinats-carn-rostit-01-es-300x223.jpg\" class=\"attachment-woocommerce_thumbnail size-woocommerce_thumbnail\" alt=\"Canelones de carne asada gratinados\" \/><h2 class=\"woocommerce-loop-product__title\">Canelones de carne asada gratinados<\/h2>\n\t<\/a>\n\t<div class=\"prod_list_desc\">Nuestra nueva receta de canel\u00f3n de carne asada incluye un gratinado de quesos emmental y mozzarella, que aporta cremosidad y un dorado uniforme. Se preparan en solo tres minutos, permitiendo disfrutar de una receta excepcional cualquier d\u00eda de la semana.<\/div>\n\n\t\n<\/li>\n<li class=\"last post-15022 product type-product status-publish has-post-thumbnail product_cat-canelones first instock taxable shipping-taxable product-type-simple\">\n\n\t<a href=\"https:\/\/www.casamas.com\/producto\/canelones\/canelones-de-carne-sin-bechamel\/\" class=\"woocommerce-LoopProduct-link woocommerce-loop-product__link\">\n\t<a href=\"https:\/\/www.casamas.com\/producto\/canelones\/canelones-de-carne-sin-bechamel\/\" class=\"\">\n    \n\t\t\n\t\n\t\t<img loading=\"lazy\" decoding=\"async\" width=\"300\" height=\"223\" src=\"https:\/\/www.casamas.com\/wp-content\/uploads\/2025\/10\/Canelons-sb_LT-300x223.jpg\" class=\"attachment-woocommerce_thumbnail size-woocommerce_thumbnail\" alt=\"Canelones de carne sin bechamel\" \/><h2 class=\"woocommerce-loop-product__title\">Canelones de carne sin bechamel<\/h2>\n\t<\/a>\n\t<div class=\"prod_list_desc\">Canelones de carne sin bechamel, con un relleno sabroso y suave, y una pasta en su punto justo de cocci\u00f3n. Un plato perfecto para dar un toque festivo a cualquier comida. Prep\u00e1ralos con tu bechamel favorita y grat\u00ednalos en el horno a tu gusto.<\/div>\n\n\t\n<\/li>\n<li class=\"post-292 product type-product status-publish has-post-thumbnail product_cat-canelones product_tag-canelones product_tag-fiestas-navidenas product_tag-foie product_tag-navidad product_tag-pato last instock taxable shipping-taxable product-type-simple\">\n\n\t<a href=\"https:\/\/www.casamas.com\/producto\/canelones\/canelones-de-pato-y-foie\/\" class=\"woocommerce-LoopProduct-link woocommerce-loop-product__link\">\n\t<a href=\"https:\/\/www.casamas.com\/producto\/canelones\/canelones-de-pato-y-foie\/\" class=\"active\">\n          <div class=\"temporada\">\n        <div class=\"content\">\n          <div class=\"icona-temporada\"><img decoding=\"async\" src=\"\/\/www.casamas.com\/wp-content\/themes\/CasaMas\/assets\/images\/icons\/ico-temporada-nadal.png\"><\/div>\n          \n            <h3>Nadal<\/h3>\n        <\/div>\n      <\/div>\n    \n\t\t\n\t\n\t\t<img loading=\"lazy\" decoding=\"async\" width=\"300\" height=\"223\" src=\"https:\/\/www.casamas.com\/wp-content\/uploads\/2015\/11\/canelones-pato-foie-300x223.jpg\" class=\"attachment-woocommerce_thumbnail size-woocommerce_thumbnail\" alt=\"Canelones de pato y foie\" \/><h2 class=\"woocommerce-loop-product__title\">Canelones de pato y foie<\/h2>\n\t<\/a>\n\t<div class=\"prod_list_desc\"><span data-sheets-value=\"[null,2,&quot;Deliciosos canelones con un aut\\u00e9ntico relleno de foie, trufa, pato y cepa. El plato por excelencia de las fiestas navide\\u00f1as.&quot;]\" data-sheets-userformat=\"[null,null,13185,[null,0],null,null,null,null,null,null,0,4,0,null,null,&quot;Arial&quot;,9]\">Deliciosos canelones con un aut\u00e9ntico relleno de carne de pato y foie cubiertos por una bechamel de setas. El plato estrella por excelencia de las fiestas navide\u00f1as.<\/span><\/div>\n\n\t\n<\/li>\n<\/ul><\/div>\n","protected":false},"excerpt":{"rendered":"<p>&nbsp;<\/p>\n","protected":false},"author":16,"featured_media":0,"parent":0,"menu_order":0,"comment_status":"closed","ping_status":"closed","template":"templates\/page-products.php","meta":{"_acf_changed":false,"footnotes":""},"class_list":["post-392","page","type-page","status-publish","hentry"],"acf":[],"yoast_head":"<!-- This site is optimized with the Yoast SEO plugin v27.3 - https:\/\/yoast.com\/product\/yoast-seo-wordpress\/ -->\n<title>Tots els Productes - Casa Mas<\/title>\n<meta name=\"description\" content=\"Tots els Productes - &nbsp;\" \/>\n<meta name=\"robots\" content=\"index, follow, max-snippet:-1, max-image-preview:large, max-video-preview:-1\" \/>\n<link rel=\"canonical\" href=\"https:\/\/www.casamas.com\/ca\/tots-els-productes\/\" \/>\n<meta property=\"og:locale\" content=\"ca_ES\" \/>\n<meta property=\"og:type\" content=\"article\" \/>\n<meta property=\"og:title\" content=\"Tots els Productes - Casa Mas\" \/>\n<meta property=\"og:description\" content=\"Tots els Productes - &nbsp;\" \/>\n<meta property=\"og:url\" content=\"https:\/\/www.casamas.com\/ca\/tots-els-productes\/\" \/>\n<meta property=\"og:site_name\" content=\"Casa Mas\" \/>\n<meta property=\"article:publisher\" content=\"http:\/\/www.facebook.com\/platoscasamas\" \/>\n<meta property=\"article:modified_time\" content=\"2015-11-30T18:55:51+00:00\" \/>\n<meta name=\"twitter:card\" content=\"summary_large_image\" \/>\n<meta name=\"twitter:site\" content=\"@platoscasamas\" \/>\n<script type=\"application\/ld+json\" class=\"yoast-schema-graph\">{\"@context\":\"https:\\\/\\\/schema.org\",\"@graph\":[{\"@type\":\"WebPage\",\"@id\":\"https:\\\/\\\/www.casamas.com\\\/ca\\\/tots-els-productes\\\/\",\"url\":\"https:\\\/\\\/www.casamas.com\\\/ca\\\/tots-els-productes\\\/\",\"name\":\"Tots els Productes - Casa Mas\",\"isPartOf\":{\"@id\":\"https:\\\/\\\/www.casamas.com\\\/#website\"},\"datePublished\":\"2015-11-30T08:25:26+00:00\",\"dateModified\":\"2015-11-30T18:55:51+00:00\",\"description\":\"Tots els Productes - &nbsp;\",\"breadcrumb\":{\"@id\":\"https:\\\/\\\/www.casamas.com\\\/ca\\\/tots-els-productes\\\/#breadcrumb\"},\"inLanguage\":\"ca\",\"potentialAction\":[{\"@type\":\"ReadAction\",\"target\":[\"https:\\\/\\\/www.casamas.com\\\/ca\\\/tots-els-productes\\\/\"]}]},{\"@type\":\"BreadcrumbList\",\"@id\":\"https:\\\/\\\/www.casamas.com\\\/ca\\\/tots-els-productes\\\/#breadcrumb\",\"itemListElement\":[{\"@type\":\"ListItem\",\"position\":1,\"name\":\"Inici\",\"item\":\"https:\\\/\\\/www.casamas.com\\\/ca\\\/\"},{\"@type\":\"ListItem\",\"position\":2,\"name\":\"Tots els Productes\"}]},{\"@type\":\"WebSite\",\"@id\":\"https:\\\/\\\/www.casamas.com\\\/#website\",\"url\":\"https:\\\/\\\/www.casamas.com\\\/\",\"name\":\"Casa Mas\",\"description\":\"\",\"publisher\":{\"@id\":\"https:\\\/\\\/www.casamas.com\\\/#organization\"},\"potentialAction\":[{\"@type\":\"SearchAction\",\"target\":{\"@type\":\"EntryPoint\",\"urlTemplate\":\"https:\\\/\\\/www.casamas.com\\\/?s={search_term_string}\"},\"query-input\":{\"@type\":\"PropertyValueSpecification\",\"valueRequired\":true,\"valueName\":\"search_term_string\"}}],\"inLanguage\":\"ca\"},{\"@type\":\"Organization\",\"@id\":\"https:\\\/\\\/www.casamas.com\\\/#organization\",\"name\":\"Casa Mas\",\"url\":\"https:\\\/\\\/www.casamas.com\\\/\",\"logo\":{\"@type\":\"ImageObject\",\"inLanguage\":\"ca\",\"@id\":\"https:\\\/\\\/www.casamas.com\\\/#\\\/schema\\\/logo\\\/image\\\/\",\"url\":\"https:\\\/\\\/www.casamas.com\\\/wp-content\\\/uploads\\\/2022\\\/05\\\/logotip_casamas_TRANSP-1.png\",\"contentUrl\":\"https:\\\/\\\/www.casamas.com\\\/wp-content\\\/uploads\\\/2022\\\/05\\\/logotip_casamas_TRANSP-1.png\",\"width\":1182,\"height\":1182,\"caption\":\"Casa Mas\"},\"image\":{\"@id\":\"https:\\\/\\\/www.casamas.com\\\/#\\\/schema\\\/logo\\\/image\\\/\"},\"sameAs\":[\"http:\\\/\\\/www.facebook.com\\\/platoscasamas\",\"https:\\\/\\\/x.com\\\/platoscasamas\",\"http:\\\/\\\/www.instagram.com\\\/platoscasamas\",\"http:\\\/\\\/www.linkedin.com\\\/company\\\/platoscasamas\",\"http:\\\/\\\/www.youtube.es\\\/casamasplatos\"]}]}<\/script>\n<!-- \/ Yoast SEO plugin. -->","yoast_head_json":{"title":"Tots els Productes - Casa Mas","description":"Tots els Productes - &nbsp;","robots":{"index":"index","follow":"follow","max-snippet":"max-snippet:-1","max-image-preview":"max-image-preview:large","max-video-preview":"max-video-preview:-1"},"canonical":"https:\/\/www.casamas.com\/ca\/tots-els-productes\/","og_locale":"ca_ES","og_type":"article","og_title":"Tots els Productes - Casa Mas","og_description":"Tots els Productes - &nbsp;","og_url":"https:\/\/www.casamas.com\/ca\/tots-els-productes\/","og_site_name":"Casa Mas","article_publisher":"http:\/\/www.facebook.com\/platoscasamas","article_modified_time":"2015-11-30T18:55:51+00:00","twitter_card":"summary_large_image","twitter_site":"@platoscasamas","schema":{"@context":"https:\/\/schema.org","@graph":[{"@type":"WebPage","@id":"https:\/\/www.casamas.com\/ca\/tots-els-productes\/","url":"https:\/\/www.casamas.com\/ca\/tots-els-productes\/","name":"Tots els Productes - Casa Mas","isPartOf":{"@id":"https:\/\/www.casamas.com\/#website"},"datePublished":"2015-11-30T08:25:26+00:00","dateModified":"2015-11-30T18:55:51+00:00","description":"Tots els Productes - &nbsp;","breadcrumb":{"@id":"https:\/\/www.casamas.com\/ca\/tots-els-productes\/#breadcrumb"},"inLanguage":"ca","potentialAction":[{"@type":"ReadAction","target":["https:\/\/www.casamas.com\/ca\/tots-els-productes\/"]}]},{"@type":"BreadcrumbList","@id":"https:\/\/www.casamas.com\/ca\/tots-els-productes\/#breadcrumb","itemListElement":[{"@type":"ListItem","position":1,"name":"Inici","item":"https:\/\/www.casamas.com\/ca\/"},{"@type":"ListItem","position":2,"name":"Tots els Productes"}]},{"@type":"WebSite","@id":"https:\/\/www.casamas.com\/#website","url":"https:\/\/www.casamas.com\/","name":"Casa Mas","description":"","publisher":{"@id":"https:\/\/www.casamas.com\/#organization"},"potentialAction":[{"@type":"SearchAction","target":{"@type":"EntryPoint","urlTemplate":"https:\/\/www.casamas.com\/?s={search_term_string}"},"query-input":{"@type":"PropertyValueSpecification","valueRequired":true,"valueName":"search_term_string"}}],"inLanguage":"ca"},{"@type":"Organization","@id":"https:\/\/www.casamas.com\/#organization","name":"Casa Mas","url":"https:\/\/www.casamas.com\/","logo":{"@type":"ImageObject","inLanguage":"ca","@id":"https:\/\/www.casamas.com\/#\/schema\/logo\/image\/","url":"https:\/\/www.casamas.com\/wp-content\/uploads\/2022\/05\/logotip_casamas_TRANSP-1.png","contentUrl":"https:\/\/www.casamas.com\/wp-content\/uploads\/2022\/05\/logotip_casamas_TRANSP-1.png","width":1182,"height":1182,"caption":"Casa Mas"},"image":{"@id":"https:\/\/www.casamas.com\/#\/schema\/logo\/image\/"},"sameAs":["http:\/\/www.facebook.com\/platoscasamas","https:\/\/x.com\/platoscasamas","http:\/\/www.instagram.com\/platoscasamas","http:\/\/www.linkedin.com\/company\/platoscasamas","http:\/\/www.youtube.es\/casamasplatos"]}]}},"_links":{"self":[{"href":"https:\/\/www.casamas.com\/ca\/wp-json\/wp\/v2\/pages\/392","targetHints":{"allow":["GET"]}}],"collection":[{"href":"https:\/\/www.casamas.com\/ca\/wp-json\/wp\/v2\/pages"}],"about":[{"href":"https:\/\/www.casamas.com\/ca\/wp-json\/wp\/v2\/types\/page"}],"author":[{"embeddable":true,"href":"https:\/\/www.casamas.com\/ca\/wp-json\/wp\/v2\/users\/16"}],"replies":[{"embeddable":true,"href":"https:\/\/www.casamas.com\/ca\/wp-json\/wp\/v2\/comments?post=392"}],"version-history":[{"count":2,"href":"https:\/\/www.casamas.com\/ca\/wp-json\/wp\/v2\/pages\/392\/revisions"}],"predecessor-version":[{"id":399,"href":"https:\/\/www.casamas.com\/ca\/wp-json\/wp\/v2\/pages\/392\/revisions\/399"}],"wp:attachment":[{"href":"https:\/\/www.casamas.com\/ca\/wp-json\/wp\/v2\/media?parent=392"}],"curies":[{"name":"wp","href":"https:\/\/api.w.org\/{rel}","templated":true}]}}