{"id":25,"date":"2015-11-18T12:09:47","date_gmt":"2015-11-18T12:09:47","guid":{"rendered":"http:\/\/casamas.com.mialias.net\/?page_id=25"},"modified":"2025-04-29T13:04:19","modified_gmt":"2025-04-29T11:04:19","slug":"contacte","status":"publish","type":"page","link":"https:\/\/www.casamas.com\/ca\/contacte\/","title":{"rendered":"Contacte"},"content":{"rendered":"<p>[vc_row][vc_column width=&#8221;1\/4&#8243;][\/vc_column][vc_column width=&#8221;1\/2&#8243;][vc_column_text css=&#8221;.vc_custom_1449067407306{margin-top: 2rem !important;}&#8221;]<\/p>\n<h4 style=\"font-size: 1.4rem;\"><\/h4>\n<p>[\/vc_column_text][\/vc_column][vc_column width=&#8221;1\/4&#8243;][\/vc_column][\/vc_row][vc_row][vc_column width=&#8221;1\/2&#8243;][vc_row_inner css=&#8221;.vc_custom_1449050505950{margin-top: 0px !important;margin-right: 0px !important;margin-bottom: 0px !important;margin-left: 0px !important;border-top-width: 3px !important;border-right-width: 3px !important;border-bottom-width: 3px !important;border-left-width: 3px !important;padding-top: 10px !important;padding-right: 0px !important;padding-bottom: 10px !important;padding-left: 0px !important;border-left-color: #000000 !important;border-left-style: double !important;border-right-color: #000000 !important;border-right-style: double !important;border-top-color: #000000 !important;border-top-style: double !important;border-bottom-color: #000000 !important;border-bottom-style: double !important;}&#8221;][vc_column_inner css=&#8221;.vc_custom_1449066970495{margin-top: 0px !important;margin-right: 0px !important;margin-bottom: 15px !important;margin-left: 0px !important;border-top-width: 0px !important;border-right-width: 0px !important;border-bottom-width: 0px !important;border-left-width: 0px !important;padding-top: 10px !important;padding-right: 10px !important;padding-bottom: 10px !important;padding-left: 10px !important;border-left-color: #000000 !important;border-left-style: double !important;border-right-color: #000000 !important;border-right-style: double !important;border-top-color: #000000 !important;border-top-style: double !important;border-bottom-color: #000000 !important;border-bottom-style: double !important;}&#8221;][vc_column_text css_animation=&#8221;appear&#8221; css=&#8221;.vc_custom_1449168243857{margin-bottom: 0px !important;padding-bottom: 0px !important;}&#8221;]<\/p>\n<h3 style=\"font-size: 30px;\">TRUCA&#8217;NS<\/h3>\n<p>[\/vc_column_text][vc_icon type=&#8221;entypo&#8221; icon_entypo=&#8221;entypo-icon entypo-icon-phone&#8221; color=&#8221;black&#8221; background_style=&#8221;rounded-outline&#8221; background_color=&#8221;black&#8221; size=&#8221;xs&#8221; align=&#8221;center&#8221; css_animation=&#8221;appear&#8221; css=&#8221;.vc_custom_1449049180853{margin-top: -10px !important;margin-right: 0px !important;margin-bottom: 15px !important;margin-left: 0px !important;padding-top: 0px !important;padding-right: 0px !important;padding-bottom: 0px !important;padding-left: 0px !important;}&#8221;][vc_column_text css_animation=&#8221;appear&#8221;]<strong>TEL:<\/strong> 938 668 274[\/vc_column_text][\/vc_column_inner][\/vc_row_inner][vc_row_inner css=&#8221;.vc_custom_1449050526770{margin-top: 0px !important;margin-right: 0px !important;margin-bottom: 0px !important;margin-left: 0px !important;border-top-width: 3px !important;border-right-width: 3px !important;border-bottom-width: 3px !important;border-left-width: 3px !important;padding-top: 10px !important;padding-right: 0px !important;padding-bottom: 10px !important;padding-left: 0px !important;border-left-color: #000000 !important;border-left-style: double !important;border-right-color: #000000 !important;border-right-style: double !important;border-top-color: #000000 !important;border-top-style: double !important;border-bottom-color: #000000 !important;border-bottom-style: double !important;}&#8221;][vc_column_inner css=&#8221;.vc_custom_1449066148305{margin-top: 15px !important;margin-right: 0px !important;margin-bottom: 0px !important;margin-left: 0px !important;border-top-width: 0px !important;border-right-width: 0px !important;border-bottom-width: 0px !important;border-left-width: 0px !important;padding-top: 10px !important;padding-right: 10px !important;padding-bottom: 10px !important;padding-left: 10px !important;border-left-color: #000000 !important;border-left-style: double !important;border-right-color: #000000 !important;border-right-style: double !important;border-top-color: #000000 !important;border-top-style: double !important;border-bottom-color: #000000 !important;border-bottom-style: double !important;}&#8221;][vc_column_text css_animation=&#8221;appear&#8221; css=&#8221;.vc_custom_1449168254816{margin-bottom: 0px !important;padding-bottom: 0px !important;}&#8221;]<\/p>\n<h3 style=\"font-size: 30px;\">TROBA&#8217;NS<\/h3>\n<p>[\/vc_column_text][vc_icon type=&#8221;entypo&#8221; icon_entypo=&#8221;entypo-icon entypo-icon-location&#8221; color=&#8221;black&#8221; background_style=&#8221;rounded-outline&#8221; background_color=&#8221;black&#8221; size=&#8221;xs&#8221; align=&#8221;center&#8221; css_animation=&#8221;appear&#8221; css=&#8221;.vc_custom_1449048842513{margin-top: -10px !important;margin-right: 0px !important;margin-bottom: 15px !important;margin-left: 0px !important;padding-top: 0px !important;padding-right: 0px !important;padding-bottom: 0px !important;padding-left: 0px !important;}&#8221;][vc_column_text css_animation=&#8221;appear&#8221;]<\/p>\n<p style=\"text-align: center;\"><strong>Carrer Salvador Dal\u00ed, 9, P.I. Plans de la Sala \u2013 08650 SALLENT (Barcelona)<\/strong><\/p>\n<p>&nbsp;<\/p>\n<p>[\/vc_column_text][vc_gmaps link=&#8221;#E-8_JTNDaWZyYW1lJTIwc3JjJTNEJTIyaHR0cHMlM0ElMkYlMkZ3d3cuZ29vZ2xlLmNvbSUyRm1hcHMlMkZlbWJlZCUzRnBiJTNEJTIxMW0xOCUyMTFtMTIlMjExbTMlMjExZDI5NzUuMDY4MzgyNDA5NzgzJTIxMmQxLjg5ODM3OTA4OTg0NDQ3MyUyMTNkNDEuNzgzNzM5ODk3MTI4NTglMjEybTMlMjExZjAlMjEyZjAlMjEzZjAlMjEzbTIlMjExaTEwMjQlMjEyaTc2OCUyMTRmMTMuMSUyMTNtMyUyMTFtMiUyMTFzMHgxMmE0Zjk4MjY4YmNhMWJkJTI1M0EweDYyZDk5ZGRlZjhhNjgwNzIlMjEyc0NhcnJlciUyNTIwU2FsdmFkb3IlMjUyMERhbGklMjUyQyUyNTIwOSUyNTJDJTI1MjAwODY1MCUyNTJDJTI1MjBCYXJjZWxvbmElMjE1ZTAlMjEzbTIlMjExc2VzJTIxMnNlcyUyMTR2MTY4NTYwMjYxMjcyMSUyMTVtMiUyMTFzZXMlMjEyc2VzJTI2cmVnaW9uJTNERVMlMjZsYW5ndWFnZSUzRCUzRGNhJTIyJTIwd2lkdGglM0QlMjI2MDAlMjIlMjBoZWlnaHQlM0QlMjIzNTAlMjIlMjBzdHlsZSUzRCUyMmJvcmRlciUzQTAlM0IlMjIlMjBhbGxvd2Z1bGxzY3JlZW4lM0QlMjIlMjIlMjBsb2FkaW5nJTNEJTIybGF6eSUyMiUyMHJlZmVycmVycG9saWN5JTNEJTIybm8tcmVmZXJyZXItd2hlbi1kb3duZ3JhZGUlMjIlM0UlM0MlMkZpZnJhbWUlM0U=&#8221; size=&#8221;500&#8243; css=&#8221;.vc_custom_1731509229671{margin-top: 5px !important;margin-right: 0px !important;margin-bottom: 5px !important;margin-left: 0px !important;border-top-width: 1px !important;border-right-width: 0px !important;border-bottom-width: 1px !important;border-left-width: 0px !important;padding-top: 0px !important;padding-right: 0px !important;padding-bottom: 0px !important;padding-left: 0px !important;border-left-color: #000000 !important;border-left-style: solid !important;border-right-color: #000000 !important;border-right-style: solid !important;border-top-color: #000000 !important;border-top-style: solid !important;border-bottom-color: #000000 !important;border-bottom-style: solid !important;}&#8221;][\/vc_column_inner][\/vc_row_inner][vc_row_inner css=&#8221;.vc_custom_1449050492614{margin-top: 0px !important;margin-right: 0px !important;margin-bottom: 0px !important;margin-left: 0px !important;border-top-width: 3px !important;border-right-width: 3px !important;border-bottom-width: 3px !important;border-left-width: 3px !important;padding-top: 10px !important;padding-right: 0px !important;padding-bottom: 10px !important;padding-left: 0px !important;border-left-color: #000000 !important;border-left-style: double !important;border-right-color: #000000 !important;border-right-style: double !important;border-top-color: #000000 !important;border-top-style: double !important;border-bottom-color: #000000 !important;border-bottom-style: double !important;}&#8221;][vc_column_inner css=&#8221;.vc_custom_1449066158537{margin-top: 15px !important;margin-right: 0px !important;margin-bottom: 0px !important;margin-left: 0px !important;border-top-width: 0px !important;border-right-width: 0px !important;border-bottom-width: 0px !important;border-left-width: 0px !important;padding-top: 10px !important;padding-right: 10px !important;padding-bottom: 10px !important;padding-left: 10px !important;border-left-color: #000000 !important;border-left-style: double !important;border-right-color: #000000 !important;border-right-style: double !important;border-top-color: #000000 !important;border-top-style: double !important;border-bottom-color: #000000 !important;border-bottom-style: double !important;}&#8221;][vc_column_text css_animation=&#8221;appear&#8221; css=&#8221;.vc_custom_1449168309590{margin-bottom: 0px !important;padding-bottom: 0px !important;}&#8221;]<\/p>\n<h3 style=\"font-size: 30px;\">EL NOSTRE CORREU<\/h3>\n<p>[\/vc_column_text][vc_icon type=&#8221;entypo&#8221; icon_entypo=&#8221;entypo-icon entypo-icon-mail&#8221; color=&#8221;black&#8221; background_style=&#8221;rounded-outline&#8221; background_color=&#8221;black&#8221; size=&#8221;xs&#8221; align=&#8221;center&#8221; css_animation=&#8221;appear&#8221; css=&#8221;.vc_custom_1449049224446{margin-top: -10px !important;margin-right: 0px !important;margin-bottom: 15px !important;margin-left: 0px !important;padding-top: 0px !important;padding-right: 0px !important;padding-bottom: 0px !important;padding-left: 0px !important;}&#8221;][vc_column_text css_animation=&#8221;appear&#8221;]<\/p>\n<p style=\"text-align: center;\"><b><a href=\"mailto:casamaswb@casamas.com\" target=\"_blank\" rel=\"noopener noreferrer\">casamaswb@casamas.com<\/a><\/b><\/p>\n<p>[\/vc_column_text][\/vc_column_inner][\/vc_row_inner][\/vc_column][vc_column width=&#8221;1\/2&#8243; css=&#8221;.vc_custom_1449066284375{padding: 10px !important;border: 3px double #000000 !important;}&#8221;][vc_column_text]<\/p>\n<h3 style=\"font-size: 2rem;\">Formulari de contacte<\/h3>\n<p>[\/vc_column_text][vc_column_text]\n<div class=\"wpcf7 no-js\" id=\"wpcf7-f1733-o1\" lang=\"ca\" dir=\"ltr\" data-wpcf7-id=\"1733\">\n<div class=\"screen-reader-response\"><p role=\"status\" aria-live=\"polite\" aria-atomic=\"true\"><\/p> <ul><\/ul><\/div>\n<form action=\"\/ca\/wp-json\/wp\/v2\/pages\/25#wpcf7-f1733-o1\" method=\"post\" class=\"wpcf7-form init\" aria-label=\"Formulari de contacte\" enctype=\"multipart\/form-data\" novalidate=\"novalidate\" data-status=\"init\">\n<fieldset class=\"hidden-fields-container\"><input type=\"hidden\" name=\"_wpcf7\" value=\"1733\" \/><input type=\"hidden\" name=\"_wpcf7_version\" value=\"6.1.5\" \/><input type=\"hidden\" name=\"_wpcf7_locale\" value=\"ca\" \/><input type=\"hidden\" name=\"_wpcf7_unit_tag\" value=\"wpcf7-f1733-o1\" \/><input type=\"hidden\" name=\"_wpcf7_container_post\" value=\"0\" \/><input type=\"hidden\" name=\"_wpcf7_posted_data_hash\" value=\"\" \/><input type=\"hidden\" name=\"_wpcf7_recaptcha_response\" value=\"\" \/>\n<\/fieldset>\n<p style=\"display:none;\"><br \/>\n<input type=\"hidden\" name=\"_mc4wp_lists[]\" value=\"6fbdda6fe8\" \/><br \/>\n<input type=\"hidden\" name=\"mc4wp-IDIOMA\" value=\"ca\" \/><br \/>\n<input type=\"hidden\" name=\"mc4wp-subscribe\" id=\"mc4wp-subscribe\" value=\"0\" \/>\n<\/p>\n<div class=\"row\">\n\t<div class=\"col s12 m12\">\n\t\t<p><label>Nom i Cognoms *<\/label><span class=\"wpcf7-form-control-wrap\" data-name=\"mc4wp-NOM\"><input size=\"40\" maxlength=\"400\" class=\"wpcf7-form-control wpcf7-text wpcf7-validates-as-required\" aria-required=\"true\" aria-invalid=\"false\" value=\"\" type=\"text\" name=\"mc4wp-NOM\" \/><\/span>\n\t\t<\/p>\n\t<\/div>\n\t<div class=\"col s12 m12\">\n\t\t<p><label>Tema *<\/label><span class=\"wpcf7-form-control-wrap\" data-name=\"subject\"><select class=\"wpcf7-form-control wpcf7-select wpcf7-validates-as-required\" aria-required=\"true\" aria-invalid=\"false\" name=\"subject\"><option value=\"\">&#8212;Trieu una opci\u00f3&#8212;<\/option><option value=\"Incid\u00e8ncies\">Incid\u00e8ncies<\/option><option value=\"Comercialitzaci\u00f3 de productes\">Comercialitzaci\u00f3 de productes<\/option><option value=\"Patrocinis i colaboracions\">Patrocinis i colaboracions<\/option><option value=\"Ofertes de treball\">Ofertes de treball<\/option><option value=\"Altres\">Altres<\/option><\/select><\/span>\n\t\t<\/p>\n\t<\/div>\n\t<div class=\"col s12 m12\">\n\t\t<p><label>Empresa<\/label><span class=\"wpcf7-form-control-wrap\" data-name=\"empresa\"><input size=\"40\" maxlength=\"400\" class=\"wpcf7-form-control wpcf7-text wpcf7-validates-as-required\" aria-required=\"true\" aria-invalid=\"false\" value=\"\" type=\"text\" name=\"empresa\" \/><\/span>\n\t\t<\/p>\n\t<\/div>\n\t<div class=\"col s12 m12\">\n\t\t<p><label>E-mail *<\/label><span class=\"wpcf7-form-control-wrap\" data-name=\"mc4wp-EMAIL\"><input size=\"40\" maxlength=\"400\" class=\"wpcf7-form-control wpcf7-email wpcf7-validates-as-required wpcf7-text wpcf7-validates-as-email\" aria-required=\"true\" aria-invalid=\"false\" value=\"\" type=\"email\" name=\"mc4wp-EMAIL\" \/><\/span>\n\t\t<\/p>\n\t<\/div>\n\t<div class=\"col s12 m12\">\n\t\t<p><label>Tel\u00e8fon *<\/label><span class=\"wpcf7-form-control-wrap\" data-name=\"mc4wp-TELEFON\"><input size=\"40\" maxlength=\"400\" class=\"wpcf7-form-control wpcf7-text wpcf7-validates-as-required\" aria-required=\"true\" aria-invalid=\"false\" value=\"\" type=\"text\" name=\"mc4wp-TELEFON\" \/><\/span>\n\t\t<\/p>\n\t<\/div>\n\t<div class=\"col s12 m12\">\n\t\t<p><label>Codi Postal<\/label><span class=\"wpcf7-form-control-wrap\" data-name=\"zip\"><input size=\"40\" maxlength=\"400\" class=\"wpcf7-form-control wpcf7-text\" aria-invalid=\"false\" value=\"\" type=\"text\" name=\"zip\" \/><\/span>\n\t\t<\/p>\n\t<\/div>\n\t<div class=\"col s12 m12\">\n\t\t<p><label>Deixa'ns el teu missatge *<\/label><span class=\"wpcf7-form-control-wrap\" data-name=\"message\"><textarea cols=\"40\" rows=\"10\" maxlength=\"2000\" class=\"wpcf7-form-control wpcf7-textarea\" aria-invalid=\"false\" name=\"message\"><\/textarea><\/span>\n\t\t<\/p>\n\t<\/div>\n\t<div class=\"col s12 m12\">\n\t\t<p><label>Vols enviar-nos un arxiu?<\/label><span class=\"wpcf7-form-control-wrap\" data-name=\"file\"><input size=\"40\" class=\"wpcf7-form-control wpcf7-file\" accept=\"audio\/*,video\/*,image\/*\" aria-invalid=\"false\" type=\"file\" name=\"file\" \/><\/span>\n\t\t<\/p>\n\t<\/div>\n<\/div>\n<div>\n\t<p>RESPONSABLE TRACTAMENT: CASA MAS ALIMENTACI\u00d3N, S.L.<br \/>\nFINALITAT: Atendre la sol\u00b7licitud de l\u2019usuari; i en cas de donar el consentiment per l\u2019enviament de la newsletter, mantenir-lo informat sobre les ofertes i novetats.<br \/>\nLEGITIMACI\u00d3: Consentiment de l\u2018interessat.<br \/>\nCESSIONS i TRANSFER\u00c8NCIES: No m\u00e9s es preveuen les cessions per obligaci\u00f3 legal o requeriment judicial i, en cas d\u2019acceptaci\u00f3 dels enviaments comercials aquests es realitzaran via Mailchimp, empresa ubicada a EE.UU.<br \/>\nDRETS: Acc\u00e9s, rectificaci\u00f3, supressi\u00f3, oposici\u00f3, limitaci\u00f3, portabilitat, revocaci\u00f3 del consentiment. Si considera que el tractament de les seves dades no s\u2019ajusta a la normativa, pot acudir a l\u2019Autoritat de Control (<a href=\"https:\/\/www.aepd.es\" target=\"_blank\">www.aepd.es<\/a>).<br \/>\nINFORMACI\u00d3 ADDICIONAL: <a href=\"https:\/\/www.casamas.com\/ca\/politica-de-privacitat\/\" target=\"_blank\">https:\/\/www.casamas.com\/ca\/politica-de-privacitat\/<\/a>\n\t<\/p>\n<\/div>\n<div class=\"row\">\n\t<div class=\"col s12\">\n\t\t<p><span class=\"wpcf7-form-control-wrap check-legal\"><span class=\"wpcf7-list-item first last\"><input type=\"checkbox\" name=\"check-legal\" value=\"1\" class=\"wpcf7-form-control wpcf7-acceptance wpcf7-validates-as-required\" aria-required=\"true\" aria-invalid=\"false\" style=\"margin-bottom:0;\" \/> Accepto que es tractin les meves dades per atendre la sol\u00b7licitud dinformaci\u00f3.<\/span><\/span>\n\t\t<\/p>\n\t<\/div>\n<\/div>\n<div class=\"row\">\n\t<div class=\"col s12\">\n\t\t<p><span class=\"wpcf7-form-control-wrap check-newsletter\"><span class=\"wpcf7-list-item first last\"><input type=\"checkbox\" id=\"check-newsletter\" name=\"check-newsletter\" value=\"1\" class=\"wpcf7-form-control wpcf7-checkbox\" style=\"margin-bottom:0;\" \/> Accepto que es tractin les meves dades per rebre les ofertes i novetats.<\/span><\/span>\n\t\t<\/p>\n\t<\/div>\n<\/div>\n<div class=\"row\">\n\t<div class=\"col s12\">\n\t\t<p><input class=\"wpcf7-form-control wpcf7-submit has-spinner\" type=\"submit\" value=\"Enviar\" \/>\n\t\t<\/p>\n\t<\/div>\n<\/div><div class=\"wpcf7-response-output\" aria-hidden=\"true\"><\/div>\n<\/form>\n<\/div>\n[\/vc_column_text][vc_column_inner][\/vc_column_inner][\/vc_column][\/vc_row]<\/p>\n","protected":false},"excerpt":{"rendered":"<p>[vc_row][vc_column width=&#8221;1\/4&#8243;][\/vc_column][vc_column width=&#8221;1\/2&#8243;][vc_column_text css=&#8221;.vc_custom_1449067407306{margin-top: 2rem !important;}&#8221;] [\/vc_column_text][\/vc_column][vc_column width=&#8221;1\/4&#8243;][\/vc_column][\/vc_row][vc_row][vc_column width=&#8221;1\/2&#8243;][vc_row_inner css=&#8221;.vc_custom_1449050505950{margin-top: 0px !important;margin-right: 0px !important;margin-bottom: 0px !important;margin-left: 0px !important;border-top-width: 3px !important;border-right-width: 3px !important;border-bottom-width: 3px !important;border-left-width: 3px !important;padding-top: 10px !important;padding-right: 0px !important;padding-bottom: 10px !important;padding-left: 0px !important;border-left-color: #000000 !important;border-left-style: double !important;border-right-color: #000000 !important;border-right-style: double !important;border-top-color: #000000 !important;border-top-style: double !important;border-bottom-color: #000000 !important;border-bottom-style: double !important;}&#8221;][vc_column_inner css=&#8221;.vc_custom_1449066970495{margin-top: 0px !important;margin-right: 0px !important;margin-bottom: [&hellip;]<\/p>\n","protected":false},"author":16,"featured_media":0,"parent":0,"menu_order":6,"comment_status":"closed","ping_status":"closed","template":"templates\/page-full.php","meta":{"_acf_changed":false,"footnotes":""},"class_list":["post-25","page","type-page","status-publish","hentry"],"acf":[],"yoast_head":"<!-- This site is optimized with the Yoast SEO plugin v27.3 - https:\/\/yoast.com\/product\/yoast-seo-wordpress\/ -->\n<title>Contacte - Casa Mas<\/title>\n<meta name=\"description\" content=\"Contacte - TRUCA&#039;NS TEL: 938 668 274 TROBA&#039;NS Carrer Salvador Dal\u00ed, 9, P.I. Plans de la Sala \u2013 08650 SALLENT (Barcelona) &nbsp; EL NOSTRE CORREU\" \/>\n<meta name=\"robots\" content=\"index, follow, max-snippet:-1, max-image-preview:large, max-video-preview:-1\" \/>\n<link rel=\"canonical\" href=\"https:\/\/www.casamas.com\/ca\/contacte\/\" \/>\n<meta property=\"og:locale\" content=\"ca_ES\" \/>\n<meta property=\"og:type\" content=\"article\" \/>\n<meta property=\"og:title\" content=\"Contacte - Casa Mas\" \/>\n<meta property=\"og:description\" content=\"Contacte - TRUCA&#039;NS TEL: 938 668 274 TROBA&#039;NS Carrer Salvador Dal\u00ed, 9, P.I. Plans de la Sala \u2013 08650 SALLENT (Barcelona) &nbsp; EL NOSTRE CORREU\" \/>\n<meta property=\"og:url\" content=\"https:\/\/www.casamas.com\/ca\/contacte\/\" \/>\n<meta property=\"og:site_name\" content=\"Casa Mas\" \/>\n<meta property=\"article:publisher\" content=\"http:\/\/www.facebook.com\/platoscasamas\" \/>\n<meta property=\"article:modified_time\" content=\"2025-04-29T11:04:19+00:00\" \/>\n<meta name=\"twitter:card\" content=\"summary_large_image\" \/>\n<meta name=\"twitter:site\" content=\"@platoscasamas\" \/>\n<meta name=\"twitter:label1\" content=\"Temps estimat de lectura\" \/>\n\t<meta name=\"twitter:data1\" content=\"3 minuts\" \/>\n<script type=\"application\/ld+json\" class=\"yoast-schema-graph\">{\"@context\":\"https:\\\/\\\/schema.org\",\"@graph\":[{\"@type\":\"WebPage\",\"@id\":\"https:\\\/\\\/www.casamas.com\\\/ca\\\/contacte\\\/\",\"url\":\"https:\\\/\\\/www.casamas.com\\\/ca\\\/contacte\\\/\",\"name\":\"Contacte - Casa Mas\",\"isPartOf\":{\"@id\":\"https:\\\/\\\/www.casamas.com\\\/#website\"},\"datePublished\":\"2015-11-18T12:09:47+00:00\",\"dateModified\":\"2025-04-29T11:04:19+00:00\",\"description\":\"Contacte - TRUCA'NS TEL: 938 668 274 TROBA'NS Carrer Salvador Dal\u00ed, 9, P.I. Plans de la Sala \u2013 08650 SALLENT (Barcelona) &nbsp; EL NOSTRE CORREU\",\"breadcrumb\":{\"@id\":\"https:\\\/\\\/www.casamas.com\\\/ca\\\/contacte\\\/#breadcrumb\"},\"inLanguage\":\"ca\",\"potentialAction\":[{\"@type\":\"ReadAction\",\"target\":[\"https:\\\/\\\/www.casamas.com\\\/ca\\\/contacte\\\/\"]}]},{\"@type\":\"BreadcrumbList\",\"@id\":\"https:\\\/\\\/www.casamas.com\\\/ca\\\/contacte\\\/#breadcrumb\",\"itemListElement\":[{\"@type\":\"ListItem\",\"position\":1,\"name\":\"Inici\",\"item\":\"https:\\\/\\\/www.casamas.com\\\/ca\\\/\"},{\"@type\":\"ListItem\",\"position\":2,\"name\":\"Contacte\"}]},{\"@type\":\"WebSite\",\"@id\":\"https:\\\/\\\/www.casamas.com\\\/#website\",\"url\":\"https:\\\/\\\/www.casamas.com\\\/\",\"name\":\"Casa Mas\",\"description\":\"\",\"publisher\":{\"@id\":\"https:\\\/\\\/www.casamas.com\\\/#organization\"},\"potentialAction\":[{\"@type\":\"SearchAction\",\"target\":{\"@type\":\"EntryPoint\",\"urlTemplate\":\"https:\\\/\\\/www.casamas.com\\\/?s={search_term_string}\"},\"query-input\":{\"@type\":\"PropertyValueSpecification\",\"valueRequired\":true,\"valueName\":\"search_term_string\"}}],\"inLanguage\":\"ca\"},{\"@type\":\"Organization\",\"@id\":\"https:\\\/\\\/www.casamas.com\\\/#organization\",\"name\":\"Casa Mas\",\"url\":\"https:\\\/\\\/www.casamas.com\\\/\",\"logo\":{\"@type\":\"ImageObject\",\"inLanguage\":\"ca\",\"@id\":\"https:\\\/\\\/www.casamas.com\\\/#\\\/schema\\\/logo\\\/image\\\/\",\"url\":\"https:\\\/\\\/www.casamas.com\\\/wp-content\\\/uploads\\\/2022\\\/05\\\/logotip_casamas_TRANSP-1.png\",\"contentUrl\":\"https:\\\/\\\/www.casamas.com\\\/wp-content\\\/uploads\\\/2022\\\/05\\\/logotip_casamas_TRANSP-1.png\",\"width\":1182,\"height\":1182,\"caption\":\"Casa Mas\"},\"image\":{\"@id\":\"https:\\\/\\\/www.casamas.com\\\/#\\\/schema\\\/logo\\\/image\\\/\"},\"sameAs\":[\"http:\\\/\\\/www.facebook.com\\\/platoscasamas\",\"https:\\\/\\\/x.com\\\/platoscasamas\",\"http:\\\/\\\/www.instagram.com\\\/platoscasamas\",\"http:\\\/\\\/www.linkedin.com\\\/company\\\/platoscasamas\",\"http:\\\/\\\/www.youtube.es\\\/casamasplatos\"]}]}<\/script>\n<!-- \/ Yoast SEO plugin. -->","yoast_head_json":{"title":"Contacte - Casa Mas","description":"Contacte - TRUCA'NS TEL: 938 668 274 TROBA'NS Carrer Salvador Dal\u00ed, 9, P.I. Plans de la Sala \u2013 08650 SALLENT (Barcelona) &nbsp; EL NOSTRE CORREU","robots":{"index":"index","follow":"follow","max-snippet":"max-snippet:-1","max-image-preview":"max-image-preview:large","max-video-preview":"max-video-preview:-1"},"canonical":"https:\/\/www.casamas.com\/ca\/contacte\/","og_locale":"ca_ES","og_type":"article","og_title":"Contacte - Casa Mas","og_description":"Contacte - TRUCA'NS TEL: 938 668 274 TROBA'NS Carrer Salvador Dal\u00ed, 9, P.I. Plans de la Sala \u2013 08650 SALLENT (Barcelona) &nbsp; EL NOSTRE CORREU","og_url":"https:\/\/www.casamas.com\/ca\/contacte\/","og_site_name":"Casa Mas","article_publisher":"http:\/\/www.facebook.com\/platoscasamas","article_modified_time":"2025-04-29T11:04:19+00:00","twitter_card":"summary_large_image","twitter_site":"@platoscasamas","twitter_misc":{"Temps estimat de lectura":"3 minuts"},"schema":{"@context":"https:\/\/schema.org","@graph":[{"@type":"WebPage","@id":"https:\/\/www.casamas.com\/ca\/contacte\/","url":"https:\/\/www.casamas.com\/ca\/contacte\/","name":"Contacte - Casa Mas","isPartOf":{"@id":"https:\/\/www.casamas.com\/#website"},"datePublished":"2015-11-18T12:09:47+00:00","dateModified":"2025-04-29T11:04:19+00:00","description":"Contacte - TRUCA'NS TEL: 938 668 274 TROBA'NS Carrer Salvador Dal\u00ed, 9, P.I. Plans de la Sala \u2013 08650 SALLENT (Barcelona) &nbsp; EL NOSTRE CORREU","breadcrumb":{"@id":"https:\/\/www.casamas.com\/ca\/contacte\/#breadcrumb"},"inLanguage":"ca","potentialAction":[{"@type":"ReadAction","target":["https:\/\/www.casamas.com\/ca\/contacte\/"]}]},{"@type":"BreadcrumbList","@id":"https:\/\/www.casamas.com\/ca\/contacte\/#breadcrumb","itemListElement":[{"@type":"ListItem","position":1,"name":"Inici","item":"https:\/\/www.casamas.com\/ca\/"},{"@type":"ListItem","position":2,"name":"Contacte"}]},{"@type":"WebSite","@id":"https:\/\/www.casamas.com\/#website","url":"https:\/\/www.casamas.com\/","name":"Casa Mas","description":"","publisher":{"@id":"https:\/\/www.casamas.com\/#organization"},"potentialAction":[{"@type":"SearchAction","target":{"@type":"EntryPoint","urlTemplate":"https:\/\/www.casamas.com\/?s={search_term_string}"},"query-input":{"@type":"PropertyValueSpecification","valueRequired":true,"valueName":"search_term_string"}}],"inLanguage":"ca"},{"@type":"Organization","@id":"https:\/\/www.casamas.com\/#organization","name":"Casa Mas","url":"https:\/\/www.casamas.com\/","logo":{"@type":"ImageObject","inLanguage":"ca","@id":"https:\/\/www.casamas.com\/#\/schema\/logo\/image\/","url":"https:\/\/www.casamas.com\/wp-content\/uploads\/2022\/05\/logotip_casamas_TRANSP-1.png","contentUrl":"https:\/\/www.casamas.com\/wp-content\/uploads\/2022\/05\/logotip_casamas_TRANSP-1.png","width":1182,"height":1182,"caption":"Casa Mas"},"image":{"@id":"https:\/\/www.casamas.com\/#\/schema\/logo\/image\/"},"sameAs":["http:\/\/www.facebook.com\/platoscasamas","https:\/\/x.com\/platoscasamas","http:\/\/www.instagram.com\/platoscasamas","http:\/\/www.linkedin.com\/company\/platoscasamas","http:\/\/www.youtube.es\/casamasplatos"]}]}},"_links":{"self":[{"href":"https:\/\/www.casamas.com\/ca\/wp-json\/wp\/v2\/pages\/25","targetHints":{"allow":["GET"]}}],"collection":[{"href":"https:\/\/www.casamas.com\/ca\/wp-json\/wp\/v2\/pages"}],"about":[{"href":"https:\/\/www.casamas.com\/ca\/wp-json\/wp\/v2\/types\/page"}],"author":[{"embeddable":true,"href":"https:\/\/www.casamas.com\/ca\/wp-json\/wp\/v2\/users\/16"}],"replies":[{"embeddable":true,"href":"https:\/\/www.casamas.com\/ca\/wp-json\/wp\/v2\/comments?post=25"}],"version-history":[{"count":14,"href":"https:\/\/www.casamas.com\/ca\/wp-json\/wp\/v2\/pages\/25\/revisions"}],"predecessor-version":[{"id":13655,"href":"https:\/\/www.casamas.com\/ca\/wp-json\/wp\/v2\/pages\/25\/revisions\/13655"}],"wp:attachment":[{"href":"https:\/\/www.casamas.com\/ca\/wp-json\/wp\/v2\/media?parent=25"}],"curies":[{"name":"wp","href":"https:\/\/api.w.org\/{rel}","templated":true}]}}